{"id":5713,"date":"2021-10-14T09:09:54","date_gmt":"2021-10-14T07:09:54","guid":{"rendered":"https:\/\/wengenrentals.com\/?page_id=5713"},"modified":"2026-03-08T13:48:25","modified_gmt":"2026-03-08T12:48:25","slug":"property-management","status":"publish","type":"page","link":"https:\/\/wengenrentals.com\/de\/about\/property-management\/","title":{"rendered":"Immobilienverwaltung"},"content":{"rendered":"<div data-elementor-type=\"wp-post\" data-elementor-id=\"5713\" class=\"elementor elementor-5713\">\n\t\t\t\t\t\t<section class=\"elementor-section elementor-top-section elementor-element elementor-element-6229ba4 elementor-section-full_width elementor-section-height-min-height elementor-section-height-default elementor-section-items-middle\" data-id=\"6229ba4\" data-element_type=\"section\" data-settings=\"{&quot;background_background&quot;:&quot;classic&quot;}\">\n\t\t\t\t\t\t\t<div class=\"elementor-background-overlay\"><\/div>\n\t\t\t\t\t\t\t<div class=\"elementor-container elementor-column-gap-default\">\n\t\t\t\t\t<div class=\"elementor-column elementor-col-100 elementor-top-column elementor-element elementor-element-1f66876d\" data-id=\"1f66876d\" data-element_type=\"column\">\n\t\t\t<div class=\"elementor-widget-wrap elementor-element-populated\">\n\t\t\t\t\t\t<div class=\"elementor-element elementor-element-321bcc27 elementor-view-default elementor-position-top elementor-invisible elementor-widget elementor-widget-themo-header\" data-id=\"321bcc27\" data-element_type=\"widget\" data-settings=\"{&quot;_animation&quot;:&quot;fadeIn&quot;}\" data-widget_type=\"themo-header.default\">\n\t\t\t\t<div class=\"elementor-widget-container\">\n\t\t\t\t\t\t\t<div class=\"th-header-wrap\">\n        <div class=\"elementor-icon-box-wrapper\">\n                            <div class=\"elementor-icon-box-content\">\n                    <h1 class=\"elementor-icon-box-title\">\n                        Wengen Rentals \u2013 Immobilienverwaltung                    <\/h1>\n                                        <p class=\"elementor-icon-box-description\">Mieten Sie Ihre Wohnung oder Ihr Ferienhaus \u00fcber Einheimische mit Wengen Rentals.<\/p>\n\n                                    <\/div>\n            <\/div>\n\n        <\/div>\n\n\t\t\t\t\t\t<\/div>\n\t\t\t\t<\/div>\n\t\t\t\t\t<\/div>\n\t\t<\/div>\n\t\t\t\t\t<\/div>\n\t\t<\/section>\n\t\t\t\t<section class=\"elementor-section elementor-top-section elementor-element elementor-element-51204c8d elementor-section-boxed elementor-section-height-default elementor-section-height-default\" data-id=\"51204c8d\" data-element_type=\"section\" data-settings=\"{&quot;background_background&quot;:&quot;classic&quot;}\">\n\t\t\t\t\t\t<div class=\"elementor-container elementor-column-gap-default\">\n\t\t\t\t\t<div class=\"elementor-column elementor-col-100 elementor-top-column elementor-element elementor-element-50ec539c\" data-id=\"50ec539c\" data-element_type=\"column\">\n\t\t\t<div class=\"elementor-widget-wrap elementor-element-populated\">\n\t\t\t\t\t\t<div class=\"elementor-element elementor-element-183c3c17 elementor-widget elementor-widget-spacer\" data-id=\"183c3c17\" data-element_type=\"widget\" data-widget_type=\"spacer.default\">\n\t\t\t\t<div class=\"elementor-widget-container\">\n\t\t\t\t\t\t\t<div class=\"elementor-spacer\">\n\t\t\t<div class=\"elementor-spacer-inner\"><\/div>\n\t\t<\/div>\n\t\t\t\t\t\t<\/div>\n\t\t\t\t<\/div>\n\t\t\t\t<div class=\"elementor-element elementor-element-58f2cc8 elementor-widget elementor-widget-text-editor\" data-id=\"58f2cc8\" data-element_type=\"widget\" data-widget_type=\"text-editor.default\">\n\t\t\t\t<div class=\"elementor-widget-container\">\n\t\t\t\t\t\t\t\t\t<p>Wir sind ein kleines, regionales Familienunternehmen. Derzeit besitzen und betreiben wir alle Mietobjekte auf unserer Website, aber wir sind bestrebt, unser Mietangebot zu erweitern. Wir sind sehr erfahrene \u201eSuperhosts\u201c, die seit 2014 mehrere Inserate hosten. Wir k\u00fcmmern uns sehr um Ihre Immobilie und stellen sicher, dass Sie Ihr Ferienhaus nutzen k\u00f6nnen, wann immer Sie m\u00f6chten, und generieren gleichzeitig Einnahmen, wenn Sie nicht in Wengen sind.<\/p><p><strong>Wie arbeiten wir?<\/strong><\/p><p>Wir verwenden OTAs (Online-Reiseb\u00fcros) und diese Website, um Ihr Zuhause an potenzielle G\u00e4ste zu vermarkten und Ihre potenziellen Einnahmen zu maximieren.<\/p><ul><li><a href=\"https:\/\/wengenrentals.com\/de\/\" target=\"_blank\" rel=\"noopener\">Wengen Vermietungen<\/a><\/li><li>Airbnb<\/li><li>E-Domizil<\/li><\/ul><p>Wir sind stolz darauf, sowohl Eigent\u00fcmern als auch G\u00e4sten einen gro\u00dfartigen Service zu bieten.<br \/>Wir sind ein kleines lokales Unternehmen und stellen ein auf Ihre Bed\u00fcrfnisse zugeschnittenes Managementpaket zusammen. Fragen? <a href=\"https:\/\/wengenrentals.com\/de\/contact\/\">In Kontakt kommen<\/a>!<\/p><p><strong>Unsere Geb\u00fchren<\/strong><\/p><p>Wir berechnen eine Provision auf die Bruttobuchungsgeb\u00fchren. <a href=\"https:\/\/wengenrentals.com\/de\/contact\/\">Kontaktiere uns<\/a>\u00a0f\u00fcr mehr Details.<\/p>\t\t\t\t\t\t\t\t<\/div>\n\t\t\t\t<\/div>\n\t\t\t\t<div class=\"elementor-element elementor-element-fc8851a elementor-widget elementor-widget-spacer\" data-id=\"fc8851a\" data-element_type=\"widget\" data-widget_type=\"spacer.default\">\n\t\t\t\t<div class=\"elementor-widget-container\">\n\t\t\t\t\t\t\t<div class=\"elementor-spacer\">\n\t\t\t<div class=\"elementor-spacer-inner\"><\/div>\n\t\t<\/div>\n\t\t\t\t\t\t<\/div>\n\t\t\t\t<\/div>\n\t\t\t\t\t<\/div>\n\t\t<\/div>\n\t\t\t\t\t<\/div>\n\t\t<\/section>\n\t\t\t\t<section class=\"elementor-section elementor-top-section elementor-element elementor-element-27a0fb52 elementor-section-full_width elementor-section-height-default elementor-section-height-default\" data-id=\"27a0fb52\" data-element_type=\"section\">\n\t\t\t\t\t\t<div class=\"elementor-container elementor-column-gap-no\">\n\t\t\t\t\t<div class=\"elementor-column elementor-col-100 elementor-top-column elementor-element elementor-element-e513efd\" data-id=\"e513efd\" data-element_type=\"column\">\n\t\t\t<div class=\"elementor-widget-wrap\">\n\t\t\t\t\t\t\t<\/div>\n\t\t<\/div>\n\t\t\t\t\t<\/div>\n\t\t<\/section>\n\t\t\t\t<section class=\"elementor-section elementor-top-section elementor-element elementor-element-1494c4e2 elementor-section-boxed elementor-section-height-default elementor-section-height-default\" data-id=\"1494c4e2\" data-element_type=\"section\" data-settings=\"{&quot;background_background&quot;:&quot;gradient&quot;}\">\n\t\t\t\t\t\t<div class=\"elementor-container elementor-column-gap-wider\">\n\t\t\t\t\t<div class=\"elementor-column elementor-col-100 elementor-top-column elementor-element elementor-element-33f4a95d\" data-id=\"33f4a95d\" data-element_type=\"column\">\n\t\t\t<div class=\"elementor-widget-wrap elementor-element-populated\">\n\t\t\t\t\t\t<div class=\"elementor-element elementor-element-581ecf46 elementor-widget elementor-widget-themo-call-to-action\" data-id=\"581ecf46\" data-element_type=\"widget\" data-widget_type=\"themo-call-to-action.default\">\n\t\t\t\t<div class=\"elementor-widget-container\">\n\t\t\t\t\t\t\t<div class=\"th-cta\">\n\t\t\t\t\t        <div class=\"th-cta-text\">\n\t\t            <span>Mieten Sie Ihre Wohnung in aller Ruhe.<\/span>\n\t\t        <\/div>\n\t\t    \n                        <div class=\"th-cta-btn\">\n\n                                    <a class=\"btn-1 btn th-btn btn-ghost-light\" href=\"https:\/\/wengenrentals.com\/de\/contact\/\">\n                                                    Kontaktiere uns                                            <\/a>\n                \n                            <\/div>\n            \t\t<\/div>\n\t\t\t\t\t\t<\/div>\n\t\t\t\t<\/div>\n\t\t\t\t\t<\/div>\n\t\t<\/div>\n\t\t\t\t\t<\/div>\n\t\t<\/section>\n\t\t\t\t<\/div>","protected":false},"excerpt":{"rendered":"<p>Wengen Rentals \u2013 Immobilienverwaltung. Vermieten Sie Ihre Wohnung oder Ihr Ferienhaus \u00fcber Wengen Rentals an Einheimische. Wir sind ein kleines, lokales Familienunternehmen. Aktuell besitzen und betreiben wir alle auf unserer Website angebotenen Objekte selbst, m\u00f6chten aber unser Angebot erweitern\u2026 <a href=\"https:\/\/wengenrentals.com\/de\/about\/property-management\/\">Weiterlesen<\/a><\/p>","protected":false},"author":1,"featured_media":1724,"parent":41,"menu_order":2,"comment_status":"closed","ping_status":"closed","template":"","meta":{"footnotes":""},"class_list":["post-5713","page","type-page","status-publish","has-post-thumbnail","hentry"],"yoast_head":"<!-- This site is optimized with the Yoast SEO plugin v26.8 - https:\/\/yoast.com\/product\/yoast-seo-wordpress\/ -->\n<title>Property Management in Wengen &#8226; Wengen Rentals<\/title>\n<meta name=\"description\" content=\"Managing holiday apartments &amp; properties is best done by experienced hosts. We&#039;re local and have been managing rentals in Wengen since 2014.\" \/>\n<meta name=\"robots\" content=\"index, follow, max-snippet:-1, max-image-preview:large, max-video-preview:-1\" \/>\n<link rel=\"canonical\" href=\"https:\/\/wengenrentals.com\/de\/about\/property-management\/\" \/>\n<meta property=\"og:locale\" content=\"de_DE\" \/>\n<meta property=\"og:type\" content=\"article\" \/>\n<meta property=\"og:title\" content=\"Property Management in Wengen &#8226; Wengen Rentals\" \/>\n<meta property=\"og:description\" content=\"Managing holiday apartments &amp; properties is best done by experienced hosts. We&#039;re local and have been managing rentals in Wengen since 2014.\" \/>\n<meta property=\"og:url\" content=\"https:\/\/wengenrentals.com\/de\/about\/property-management\/\" \/>\n<meta property=\"og:site_name\" content=\"Wengen Rentals\" \/>\n<meta property=\"article:publisher\" content=\"https:\/\/www.facebook.com\/wengenrentals\" \/>\n<meta property=\"article:modified_time\" content=\"2026-03-08T12:48:25+00:00\" \/>\n<meta property=\"og:image\" content=\"https:\/\/wengenrentals.com\/wp-content\/uploads\/2020\/08\/hiking-swiss-alps-wengen-switzerland-376x282-1.jpg\" \/>\n\t<meta property=\"og:image:width\" content=\"376\" \/>\n\t<meta property=\"og:image:height\" content=\"282\" \/>\n\t<meta property=\"og:image:type\" content=\"image\/jpeg\" \/>\n<meta name=\"twitter:card\" content=\"summary_large_image\" \/>\n<meta name=\"twitter:title\" content=\"Property Management in Wengen &#8226; Wengen Rentals\" \/>\n<meta name=\"twitter:description\" content=\"Managing holiday apartments &amp; properties is best done by experienced hosts. We&#039;re local and have been managing rentals in Wengen since 2014.\" \/>\n<meta name=\"twitter:image\" content=\"https:\/\/wengenrentals.com\/wp-content\/uploads\/2020\/08\/hiking-swiss-alps-wengen-switzerland-376x282-1.jpg\" \/>\n<meta name=\"twitter:label1\" content=\"Gesch\u00e4tzte Lesezeit\" \/>\n\t<meta name=\"twitter:data1\" content=\"1\u00a0Minute\" \/>\n<script type=\"application\/ld+json\" class=\"yoast-schema-graph\">{\"@context\":\"https:\/\/schema.org\",\"@graph\":[{\"@type\":\"WebPage\",\"@id\":\"https:\/\/wengenrentals.com\/about\/property-management\/\",\"url\":\"https:\/\/wengenrentals.com\/about\/property-management\/\",\"name\":\"Property Management in Wengen &#8226; Wengen Rentals\",\"isPartOf\":{\"@id\":\"https:\/\/wengenrentals.com\/#website\"},\"primaryImageOfPage\":{\"@id\":\"https:\/\/wengenrentals.com\/about\/property-management\/#primaryimage\"},\"image\":{\"@id\":\"https:\/\/wengenrentals.com\/about\/property-management\/#primaryimage\"},\"thumbnailUrl\":\"https:\/\/wengenrentals.com\/wp-content\/uploads\/2020\/08\/hiking-swiss-alps-wengen-switzerland-376x282-1.jpg\",\"datePublished\":\"2021-10-14T07:09:54+00:00\",\"dateModified\":\"2026-03-08T12:48:25+00:00\",\"description\":\"Managing holiday apartments & properties is best done by experienced hosts. We're local and have been managing rentals in Wengen since 2014.\",\"breadcrumb\":{\"@id\":\"https:\/\/wengenrentals.com\/about\/property-management\/#breadcrumb\"},\"inLanguage\":\"de\",\"potentialAction\":[{\"@type\":\"ReadAction\",\"target\":[\"https:\/\/wengenrentals.com\/about\/property-management\/\"]}]},{\"@type\":\"ImageObject\",\"inLanguage\":\"de\",\"@id\":\"https:\/\/wengenrentals.com\/about\/property-management\/#primaryimage\",\"url\":\"https:\/\/wengenrentals.com\/wp-content\/uploads\/2020\/08\/hiking-swiss-alps-wengen-switzerland-376x282-1.jpg\",\"contentUrl\":\"https:\/\/wengenrentals.com\/wp-content\/uploads\/2020\/08\/hiking-swiss-alps-wengen-switzerland-376x282-1.jpg\",\"width\":376,\"height\":282},{\"@type\":\"BreadcrumbList\",\"@id\":\"https:\/\/wengenrentals.com\/about\/property-management\/#breadcrumb\",\"itemListElement\":[{\"@type\":\"ListItem\",\"position\":1,\"name\":\"Home\",\"item\":\"https:\/\/wengenrentals.com\/\"},{\"@type\":\"ListItem\",\"position\":2,\"name\":\"About\",\"item\":\"https:\/\/wengenrentals.com\/about\/\"},{\"@type\":\"ListItem\",\"position\":3,\"name\":\"Property Management\"}]},{\"@type\":\"WebSite\",\"@id\":\"https:\/\/wengenrentals.com\/#website\",\"url\":\"https:\/\/wengenrentals.com\/\",\"name\":\"Wengen Rentals\",\"description\":\"Holiday apartment rentals in Wengen Switzerland\",\"publisher\":{\"@id\":\"https:\/\/wengenrentals.com\/#organization\"},\"potentialAction\":[{\"@type\":\"SearchAction\",\"target\":{\"@type\":\"EntryPoint\",\"urlTemplate\":\"https:\/\/wengenrentals.com\/?s={search_term_string}\"},\"query-input\":{\"@type\":\"PropertyValueSpecification\",\"valueRequired\":true,\"valueName\":\"search_term_string\"}}],\"inLanguage\":\"de\"},{\"@type\":\"Organization\",\"@id\":\"https:\/\/wengenrentals.com\/#organization\",\"name\":\"Wengen Rentals\",\"url\":\"https:\/\/wengenrentals.com\/\",\"logo\":{\"@type\":\"ImageObject\",\"inLanguage\":\"de\",\"@id\":\"https:\/\/wengenrentals.com\/#\/schema\/logo\/image\/\",\"url\":\"https:\/\/wengenrentals.com\/wp-content\/uploads\/2021\/07\/wengen-rentals-full-icon-black.png\",\"contentUrl\":\"https:\/\/wengenrentals.com\/wp-content\/uploads\/2021\/07\/wengen-rentals-full-icon-black.png\",\"width\":541,\"height\":541,\"caption\":\"Wengen Rentals\"},\"image\":{\"@id\":\"https:\/\/wengenrentals.com\/#\/schema\/logo\/image\/\"},\"sameAs\":[\"https:\/\/www.facebook.com\/wengenrentals\",\"https:\/\/www.instagram.com\/wengenrentals\/\",\"https:\/\/www.linkedin.com\/company\/wengen-rentals\/\"]}]}<\/script>\n<!-- \/ Yoast SEO plugin. -->","yoast_head_json":{"title":"Immobilienverwaltung in Wengen \u2022 Vermietung in Wengen","description":"Die Verwaltung von Ferienwohnungen und -h\u00e4usern \u00fcbernimmt am besten erfahrene Gastgeber. Wir sind vor Ort ans\u00e4ssig und verwalten seit 2014 Ferienwohnungen in Wengen.","robots":{"index":"index","follow":"follow","max-snippet":"max-snippet:-1","max-image-preview":"max-image-preview:large","max-video-preview":"max-video-preview:-1"},"canonical":"https:\/\/wengenrentals.com\/de\/about\/property-management\/","og_locale":"de_DE","og_type":"article","og_title":"Property Management in Wengen &#8226; Wengen Rentals","og_description":"Managing holiday apartments & properties is best done by experienced hosts. We're local and have been managing rentals in Wengen since 2014.","og_url":"https:\/\/wengenrentals.com\/de\/about\/property-management\/","og_site_name":"Wengen Rentals","article_publisher":"https:\/\/www.facebook.com\/wengenrentals","article_modified_time":"2026-03-08T12:48:25+00:00","og_image":[{"width":376,"height":282,"url":"https:\/\/wengenrentals.com\/wp-content\/uploads\/2020\/08\/hiking-swiss-alps-wengen-switzerland-376x282-1.jpg","type":"image\/jpeg"}],"twitter_card":"summary_large_image","twitter_title":"Property Management in Wengen &#8226; Wengen Rentals","twitter_description":"Managing holiday apartments & properties is best done by experienced hosts. We're local and have been managing rentals in Wengen since 2014.","twitter_image":"https:\/\/wengenrentals.com\/wp-content\/uploads\/2020\/08\/hiking-swiss-alps-wengen-switzerland-376x282-1.jpg","twitter_misc":{"Gesch\u00e4tzte Lesezeit":"1\u00a0Minute"},"schema":{"@context":"https:\/\/schema.org","@graph":[{"@type":"WebPage","@id":"https:\/\/wengenrentals.com\/about\/property-management\/","url":"https:\/\/wengenrentals.com\/about\/property-management\/","name":"Immobilienverwaltung in Wengen \u2022 Vermietung in Wengen","isPartOf":{"@id":"https:\/\/wengenrentals.com\/#website"},"primaryImageOfPage":{"@id":"https:\/\/wengenrentals.com\/about\/property-management\/#primaryimage"},"image":{"@id":"https:\/\/wengenrentals.com\/about\/property-management\/#primaryimage"},"thumbnailUrl":"https:\/\/wengenrentals.com\/wp-content\/uploads\/2020\/08\/hiking-swiss-alps-wengen-switzerland-376x282-1.jpg","datePublished":"2021-10-14T07:09:54+00:00","dateModified":"2026-03-08T12:48:25+00:00","description":"Die Verwaltung von Ferienwohnungen und -h\u00e4usern \u00fcbernimmt am besten erfahrene Gastgeber. Wir sind vor Ort ans\u00e4ssig und verwalten seit 2014 Ferienwohnungen in Wengen.","breadcrumb":{"@id":"https:\/\/wengenrentals.com\/about\/property-management\/#breadcrumb"},"inLanguage":"de","potentialAction":[{"@type":"ReadAction","target":["https:\/\/wengenrentals.com\/about\/property-management\/"]}]},{"@type":"ImageObject","inLanguage":"de","@id":"https:\/\/wengenrentals.com\/about\/property-management\/#primaryimage","url":"https:\/\/wengenrentals.com\/wp-content\/uploads\/2020\/08\/hiking-swiss-alps-wengen-switzerland-376x282-1.jpg","contentUrl":"https:\/\/wengenrentals.com\/wp-content\/uploads\/2020\/08\/hiking-swiss-alps-wengen-switzerland-376x282-1.jpg","width":376,"height":282},{"@type":"BreadcrumbList","@id":"https:\/\/wengenrentals.com\/about\/property-management\/#breadcrumb","itemListElement":[{"@type":"ListItem","position":1,"name":"Home","item":"https:\/\/wengenrentals.com\/"},{"@type":"ListItem","position":2,"name":"About","item":"https:\/\/wengenrentals.com\/about\/"},{"@type":"ListItem","position":3,"name":"Property Management"}]},{"@type":"WebSite","@id":"https:\/\/wengenrentals.com\/#website","url":"https:\/\/wengenrentals.com\/","name":"Wengen Vermietungen","description":"Ferienwohnungen mieten in Wengen Schweiz","publisher":{"@id":"https:\/\/wengenrentals.com\/#organization"},"potentialAction":[{"@type":"SearchAction","target":{"@type":"EntryPoint","urlTemplate":"https:\/\/wengenrentals.com\/?s={search_term_string}"},"query-input":{"@type":"PropertyValueSpecification","valueRequired":true,"valueName":"search_term_string"}}],"inLanguage":"de"},{"@type":"Organization","@id":"https:\/\/wengenrentals.com\/#organization","name":"Wengen Vermietungen","url":"https:\/\/wengenrentals.com\/","logo":{"@type":"ImageObject","inLanguage":"de","@id":"https:\/\/wengenrentals.com\/#\/schema\/logo\/image\/","url":"https:\/\/wengenrentals.com\/wp-content\/uploads\/2021\/07\/wengen-rentals-full-icon-black.png","contentUrl":"https:\/\/wengenrentals.com\/wp-content\/uploads\/2021\/07\/wengen-rentals-full-icon-black.png","width":541,"height":541,"caption":"Wengen Rentals"},"image":{"@id":"https:\/\/wengenrentals.com\/#\/schema\/logo\/image\/"},"sameAs":["https:\/\/www.facebook.com\/wengenrentals","https:\/\/www.instagram.com\/wengenrentals\/","https:\/\/www.linkedin.com\/company\/wengen-rentals\/"]}]}},"_links":{"self":[{"href":"https:\/\/wengenrentals.com\/de\/wp-json\/wp\/v2\/pages\/5713","targetHints":{"allow":["GET"]}}],"collection":[{"href":"https:\/\/wengenrentals.com\/de\/wp-json\/wp\/v2\/pages"}],"about":[{"href":"https:\/\/wengenrentals.com\/de\/wp-json\/wp\/v2\/types\/page"}],"author":[{"embeddable":true,"href":"https:\/\/wengenrentals.com\/de\/wp-json\/wp\/v2\/users\/1"}],"replies":[{"embeddable":true,"href":"https:\/\/wengenrentals.com\/de\/wp-json\/wp\/v2\/comments?post=5713"}],"version-history":[{"count":5,"href":"https:\/\/wengenrentals.com\/de\/wp-json\/wp\/v2\/pages\/5713\/revisions"}],"predecessor-version":[{"id":23731,"href":"https:\/\/wengenrentals.com\/de\/wp-json\/wp\/v2\/pages\/5713\/revisions\/23731"}],"up":[{"embeddable":true,"href":"https:\/\/wengenrentals.com\/de\/wp-json\/wp\/v2\/pages\/41"}],"wp:featuredmedia":[{"embeddable":true,"href":"https:\/\/wengenrentals.com\/de\/wp-json\/wp\/v2\/media\/1724"}],"wp:attachment":[{"href":"https:\/\/wengenrentals.com\/de\/wp-json\/wp\/v2\/media?parent=5713"}],"curies":[{"name":"wp","href":"https:\/\/api.w.org\/{rel}","templated":true}]}}