{"id":3059,"date":"2021-02-04T21:23:36","date_gmt":"2021-02-04T20:23:36","guid":{"rendered":"https:\/\/wengenrentals.com\/?page_id=3059"},"modified":"2026-03-08T16:21:02","modified_gmt":"2026-03-08T15:21:02","slug":"reservations","status":"publish","type":"page","link":"https:\/\/wengenrentals.com\/de\/reservations\/","title":{"rendered":"Reservierungen"},"content":{"rendered":"<div data-elementor-type=\"wp-post\" data-elementor-id=\"3059\" class=\"elementor elementor-3059\">\n\t\t\t\t\t\t<section class=\"elementor-section elementor-top-section elementor-element elementor-element-8d9b439 elementor-section-height-min-height elementor-section-items-bottom elementor-section-boxed elementor-section-height-default\" data-id=\"8d9b439\" data-element_type=\"section\" data-settings=\"{&quot;background_background&quot;:&quot;classic&quot;}\">\n\t\t\t\t\t\t\t<div class=\"elementor-background-overlay\"><\/div>\n\t\t\t\t\t\t\t<div class=\"elementor-container elementor-column-gap-default\">\n\t\t\t\t\t<div class=\"elementor-column elementor-col-100 elementor-top-column elementor-element elementor-element-9cb4687\" data-id=\"9cb4687\" data-element_type=\"column\">\n\t\t\t<div class=\"elementor-widget-wrap\">\n\t\t\t\t\t\t\t<\/div>\n\t\t<\/div>\n\t\t\t\t\t<\/div>\n\t\t<\/section>\n\t\t\t\t<section class=\"elementor-section elementor-top-section elementor-element elementor-element-0d7ba45 elementor-section-boxed elementor-section-height-default elementor-section-height-default\" data-id=\"0d7ba45\" data-element_type=\"section\">\n\t\t\t\t\t\t<div class=\"elementor-container elementor-column-gap-default\">\n\t\t\t\t\t<div class=\"elementor-column elementor-col-100 elementor-top-column elementor-element elementor-element-180dcd3\" data-id=\"180dcd3\" data-element_type=\"column\">\n\t\t\t<div class=\"elementor-widget-wrap elementor-element-populated\">\n\t\t\t\t\t\t<div class=\"elementor-element elementor-element-a5fd40b elementor-widget elementor-widget-spacer\" data-id=\"a5fd40b\" data-element_type=\"widget\" data-widget_type=\"spacer.default\">\n\t\t\t\t<div class=\"elementor-widget-container\">\n\t\t\t\t\t\t\t<div class=\"elementor-spacer\">\n\t\t\t<div class=\"elementor-spacer-inner\"><\/div>\n\t\t<\/div>\n\t\t\t\t\t\t<\/div>\n\t\t\t\t<\/div>\n\t\t\t\t\t<\/div>\n\t\t<\/div>\n\t\t\t\t\t<\/div>\n\t\t<\/section>\n\t\t\t\t<section class=\"elementor-section elementor-top-section elementor-element elementor-element-3a0d432 elementor-section-boxed elementor-section-height-default elementor-section-height-default\" data-id=\"3a0d432\" data-element_type=\"section\">\n\t\t\t\t\t\t<div class=\"elementor-container elementor-column-gap-default\">\n\t\t\t\t\t<div class=\"elementor-column elementor-col-50 elementor-top-column elementor-element elementor-element-db91f89\" data-id=\"db91f89\" data-element_type=\"column\">\n\t\t\t<div class=\"elementor-widget-wrap elementor-element-populated\">\n\t\t\t\t\t\t<div class=\"elementor-element elementor-element-d745a15 elementor-view-default elementor-position-top elementor-widget elementor-widget-themo-header\" data-id=\"d745a15\" data-element_type=\"widget\" data-widget_type=\"themo-header.default\">\n\t\t\t\t<div class=\"elementor-widget-container\">\n\t\t\t\t\t\t\t<div class=\"th-header-wrap\">\n        <div class=\"elementor-icon-box-wrapper\">\n                            <div class=\"elementor-icon-box-content\">\n                    <h1 class=\"elementor-icon-box-title\">\n                        BUCHEN SIE IHREN AUFENTHALT                    <\/h1>\n                                            <span class=\"th-header-divider\"><\/span>\n                                        <p class=\"elementor-icon-box-description\">Bitte nutzen Sie unser Buchungsformular unten, um Ihre Reservierung vorzunehmen. Sie erhalten innerhalb von 24 Stunden eine Buchungsbest\u00e4tigung. Geben Sie bei der Buchung bitte die Gesamtzahl der G\u00e4ste an, damit wir das Haus optimal f\u00fcr Ihren Aufenthalt vorbereiten k\u00f6nnen. Haben Sie weitere W\u00fcnsche? Sprechen Sie uns einfach an!<\/p>\n\n                                    <\/div>\n            <\/div>\n\n        <\/div>\n\n\t\t\t\t\t\t<\/div>\n\t\t\t\t<\/div>\n\t\t\t\t<div class=\"elementor-element elementor-element-3fd3155 elementor-widget elementor-widget-html\" data-id=\"3fd3155\" data-element_type=\"widget\" data-widget_type=\"html.default\">\n\t\t\t\t<div class=\"elementor-widget-container\">\n\t\t\t\t\t\r\n<div id=\"apartmentIframeAll1\" style=\"background-color:transparent; text-align:center;\">\r\n<script type=\"text\/javascript\" src=\"https:\/\/login.smoobu.com\/js\/Settings\/BookingToolIframe.js\"><\/script>\r\n<script>BookingToolIframe.initialize({\"url\": \"https:\/\/login.smoobu.com\/en\/booking-tool\/iframe\/201491\", \"baseUrl\": \"https:\/\/login.smoobu.com\", \"target\": \"#apartmentIframeAll1\"})<\/script>\r\n<\/div>\t\t\t\t<\/div>\n\t\t\t\t<\/div>\n\t\t\t\t\t<\/div>\n\t\t<\/div>\n\t\t\t\t<div class=\"elementor-column elementor-col-50 elementor-top-column elementor-element elementor-element-f6997c2\" data-id=\"f6997c2\" data-element_type=\"column\">\n\t\t\t<div class=\"elementor-widget-wrap elementor-element-populated\">\n\t\t\t\t\t\t<div class=\"elementor-element elementor-element-78272ab elementor-position-left elementor-view-default elementor-widget elementor-widget-themo-header\" data-id=\"78272ab\" data-element_type=\"widget\" data-widget_type=\"themo-header.default\">\n\t\t\t\t<div class=\"elementor-widget-container\">\n\t\t\t\t\t\t\t<div class=\"th-header-wrap\">\n        <div class=\"elementor-icon-box-wrapper\">\n                            <div class=\"elementor-icon-box-content\">\n                    <h3 class=\"elementor-icon-box-title\">\n                        EINCHECKEN AUSCHECKEN                    <\/h3>\n                                        <p class=\"elementor-icon-box-description\"><\/p>\n\n                                    <\/div>\n            <\/div>\n\n        <\/div>\n\n\t\t\t\t\t\t<\/div>\n\t\t\t\t<\/div>\n\t\t\t\t<div class=\"elementor-element elementor-element-1e642a4 elementor-widget elementor-widget-text-editor\" data-id=\"1e642a4\" data-element_type=\"widget\" data-widget_type=\"text-editor.default\">\n\t\t\t\t<div class=\"elementor-widget-container\">\n\t\t\t\t\t\t\t\t\t<p class=\"\">Check-out: nach 16:00 Uhr<\/p><p class=\"\">Check-out: 10:00<\/p><p class=\"\">Bitte planen Sie Ihren Check-in am Anreisetag bis sp\u00e4testens 20:00 Uhr ein. Wir arbeiten mit einem Self-Check-in-System. Am Anreisetag senden wir Ihnen den Schl\u00fcsselcode f\u00fcr Ihr Ferienhaus per E-Mail zu, sobald die Wohnung bezugsfertig ist. Bitte lesen Sie die Details auf unserer <a href=\"https:\/\/wengenrentals.com\/de\/apartments-and-chalets\/\" target=\"_blank\" rel=\"noopener\">Wohnung<\/a> Seiten f\u00fcr weitere Informationen.\u00a0<\/p>\t\t\t\t\t\t\t\t<\/div>\n\t\t\t\t<\/div>\n\t\t\t\t<div class=\"elementor-element elementor-element-946f6ae elementor-position-left elementor-view-default elementor-widget elementor-widget-themo-header\" data-id=\"946f6ae\" data-element_type=\"widget\" data-widget_type=\"themo-header.default\">\n\t\t\t\t<div class=\"elementor-widget-container\">\n\t\t\t\t\t\t\t<div class=\"th-header-wrap\">\n        <div class=\"elementor-icon-box-wrapper\">\n                            <div class=\"elementor-icon-box-content\">\n                    <h3 class=\"elementor-icon-box-title\">\n                        BITTE BEACHTEN SIE                    <\/h3>\n                                        <p class=\"elementor-icon-box-description\"><\/p>\n\n                                    <\/div>\n            <\/div>\n\n        <\/div>\n\n\t\t\t\t\t\t<\/div>\n\t\t\t\t<\/div>\n\t\t\t\t<div class=\"elementor-element elementor-element-4993e19 elementor-widget elementor-widget-text-editor\" data-id=\"4993e19\" data-element_type=\"widget\" data-widget_type=\"text-editor.default\">\n\t\t\t\t<div class=\"elementor-widget-container\">\n\t\t\t\t\t\t\t\t\t<p class=\"\">Alle Preise und Richtlinien k\u00f6nnen ohne vorherige Ank\u00fcndigung auf dieser Website ge\u00e4ndert werden. G\u00e4ste werden gebeten, die Stornierungsbedingungen sowie unsere zu lesen und zu genehmigen <a href=\"https:\/\/wengenrentals.com\/de\/terms-conditions\/\" target=\"_blank\" rel=\"noopener\">Gesch\u00e4ftsbedingungen<\/a> gr\u00fcndlich vor Abschluss ihrer Buchung.<\/p><p class=\"\">Wir behalten uns das Recht vor, den Service zu verweigern. Wir empfehlen Ihnen dringend, eine Reiseversicherung abzuschlie\u00dfen, um Ihren Urlaub vor unvorhergesehenen Ereignissen oder Umst\u00e4nden zu sch\u00fctzen, die sich auf Ihre Reisepl\u00e4ne auswirken k\u00f6nnen, da bei Naturkatastrophen, Umweltproblemen oder anderen Faktoren, die au\u00dferhalb unserer Kontrolle liegen, keine R\u00fcckerstattung m\u00f6glich ist.<\/p>\t\t\t\t\t\t\t\t<\/div>\n\t\t\t\t<\/div>\n\t\t\t\t<div class=\"elementor-element elementor-element-4e1313d elementor-position-left elementor-view-default elementor-widget elementor-widget-themo-header\" data-id=\"4e1313d\" data-element_type=\"widget\" data-widget_type=\"themo-header.default\">\n\t\t\t\t<div class=\"elementor-widget-container\">\n\t\t\t\t\t\t\t<div class=\"th-header-wrap\">\n        <div class=\"elementor-icon-box-wrapper\">\n                            <div class=\"elementor-icon-box-content\">\n                    <h3 class=\"elementor-icon-box-title\">\n                        BESONDERE ANMERKUNGEN ZU COVID-19                    <\/h3>\n                                        <p class=\"elementor-icon-box-description\"><\/p>\n\n                                    <\/div>\n            <\/div>\n\n        <\/div>\n\n\t\t\t\t\t\t<\/div>\n\t\t\t\t<\/div>\n\t\t\t\t<div class=\"elementor-element elementor-element-851f9da elementor-widget elementor-widget-text-editor\" data-id=\"851f9da\" data-element_type=\"widget\" data-widget_type=\"text-editor.default\">\n\t\t\t\t<div class=\"elementor-widget-container\">\n\t\t\t\t\t\t\t\t\t<ul><li>Zus\u00e4tzlich zu unserem normalen Reinigungsprozess aufgrund des Coronavirus befolgen wir ein erweitertes Reinigungsprotokoll, das auf Expertenempfehlungen basiert. Hier sind einige wichtige Punkte der Schritte, die wir zwischen jedem Gastaufenthalt unternehmen: Wir desinfizieren h\u00e4ufig ber\u00fchrte Oberfl\u00e4chen bis hin zu jedem T\u00fcrknauf. Wir verwenden Reinigungs- und Desinfektionsmittel, die von den globalen Gesundheitsbeh\u00f6rden empfohlen werden, und wir tragen Schutzausr\u00fcstung, um eine Kreuzkontamination zu verhindern. Wir stellen zus\u00e4tzliche Reinigungsmittel zur Verf\u00fcgung, damit die G\u00e4ste die M\u00f6glichkeit haben, die Unterkunft w\u00e4hrend ihres Aufenthalts zu reinigen. Wir halten uns an die \u00f6rtlichen Gesetze, einschlie\u00dflich zus\u00e4tzlicher Sicherheits- oder Reinigungsrichtlinien.\u00a0<\/li><li>Wir bitten unsere G\u00e4ste, ihren Beitrag zur Reduzierung der Verbreitung von Covid-19 zu leisten. Bitte beachten Sie bei Ihrem Besuch in unserem kleinen M\u00e4rchendorf die aktuellen Regeln und Einschr\u00e4nkungen der Schweizer Regierung.<\/li><\/ul>\t\t\t\t\t\t\t\t<\/div>\n\t\t\t\t<\/div>\n\t\t\t\t\t<\/div>\n\t\t<\/div>\n\t\t\t\t\t<\/div>\n\t\t<\/section>\n\t\t\t\t<section class=\"elementor-section elementor-top-section elementor-element elementor-element-78dadfb elementor-section-boxed elementor-section-height-default elementor-section-height-default\" data-id=\"78dadfb\" data-element_type=\"section\">\n\t\t\t\t\t\t<div class=\"elementor-container elementor-column-gap-default\">\n\t\t\t\t\t<div class=\"elementor-column elementor-col-50 elementor-top-column elementor-element elementor-element-0c7d0b5\" data-id=\"0c7d0b5\" data-element_type=\"column\">\n\t\t\t<div class=\"elementor-widget-wrap\">\n\t\t\t\t\t\t\t<\/div>\n\t\t<\/div>\n\t\t\t\t<div class=\"elementor-column elementor-col-50 elementor-top-column elementor-element elementor-element-971e6fc\" data-id=\"971e6fc\" data-element_type=\"column\">\n\t\t\t<div class=\"elementor-widget-wrap\">\n\t\t\t\t\t\t\t<\/div>\n\t\t<\/div>\n\t\t\t\t\t<\/div>\n\t\t<\/section>\n\t\t\t\t<section class=\"elementor-section elementor-top-section elementor-element elementor-element-144cedfa elementor-section-boxed elementor-section-height-default elementor-section-height-default\" data-id=\"144cedfa\" data-element_type=\"section\" data-settings=\"{&quot;background_background&quot;:&quot;classic&quot;}\">\n\t\t\t\t\t\t<div class=\"elementor-container elementor-column-gap-default\">\n\t\t\t\t\t<div class=\"elementor-column elementor-col-100 elementor-top-column elementor-element elementor-element-6c43dac3\" data-id=\"6c43dac3\" data-element_type=\"column\">\n\t\t\t<div class=\"elementor-widget-wrap elementor-element-populated\">\n\t\t\t\t\t\t<div class=\"elementor-element elementor-element-2c97749b elementor-widget elementor-widget-spacer\" data-id=\"2c97749b\" data-element_type=\"widget\" data-widget_type=\"spacer.default\">\n\t\t\t\t<div class=\"elementor-widget-container\">\n\t\t\t\t\t\t\t<div class=\"elementor-spacer\">\n\t\t\t<div class=\"elementor-spacer-inner\"><\/div>\n\t\t<\/div>\n\t\t\t\t\t\t<\/div>\n\t\t\t\t<\/div>\n\t\t\t\t\t<\/div>\n\t\t<\/div>\n\t\t\t\t\t<\/div>\n\t\t<\/section>\n\t\t\t\t<\/div>","protected":false},"excerpt":{"rendered":"<p>BUCHEN SIE IHREN AUFENTHALT Bitte nutzen Sie unser Buchungssystem unten, um Ihre Reservierung vorzunehmen. Sie erhalten innerhalb von 24 Stunden eine Buchungsbest\u00e4tigung. Bitte geben Sie beim Ausf\u00fcllen des Buchungsformulars die Gesamtzahl der G\u00e4ste an \u2026 <a href=\"https:\/\/wengenrentals.com\/de\/reservations\/\">Weiterlesen<\/a><\/p>","protected":false},"author":1,"featured_media":0,"parent":0,"menu_order":11,"comment_status":"closed","ping_status":"closed","template":"","meta":{"footnotes":""},"class_list":["post-3059","page","type-page","status-publish","hentry"],"yoast_head":"<!-- This site is optimized with the Yoast SEO plugin v26.8 - https:\/\/yoast.com\/product\/yoast-seo-wordpress\/ -->\n<title>Reservations &#8226; Wengen Rentals<\/title>\n<meta name=\"description\" content=\"Reserve your holiday apartment in Wengen! Ski-in, ski-out apartment and chalet rentals in Wengen&#039;s best locations.\" \/>\n<meta name=\"robots\" content=\"index, follow, max-snippet:-1, max-image-preview:large, max-video-preview:-1\" \/>\n<link rel=\"canonical\" href=\"https:\/\/wengenrentals.com\/de\/reservations\/\" \/>\n<meta property=\"og:locale\" content=\"de_DE\" \/>\n<meta property=\"og:type\" content=\"article\" \/>\n<meta property=\"og:title\" content=\"Wengen Rentals &#8226; Reservations\" \/>\n<meta property=\"og:description\" content=\"Holiday apartments and chalet rentals in the beautiful mountain village &amp; ski resort of Wengen, in the heart of Switzerland&#039;s Jungfrau Region.\" \/>\n<meta property=\"og:url\" content=\"https:\/\/wengenrentals.com\/de\/reservations\/\" \/>\n<meta property=\"og:site_name\" content=\"Wengen Rentals\" \/>\n<meta property=\"article:publisher\" content=\"https:\/\/www.facebook.com\/wengenrentals\" \/>\n<meta property=\"article:modified_time\" content=\"2026-03-08T15:21:02+00:00\" \/>\n<meta property=\"og:image\" content=\"https:\/\/wengenrentals.com\/wp-content\/uploads\/2022\/02\/sunny-bijou-wengen-apartment-rental-1.jpeg\" \/>\n\t<meta property=\"og:image:width\" content=\"1200\" \/>\n\t<meta property=\"og:image:height\" content=\"800\" \/>\n\t<meta property=\"og:image:type\" content=\"image\/jpeg\" \/>\n<meta name=\"twitter:card\" content=\"summary_large_image\" \/>\n<meta name=\"twitter:title\" content=\"Wengen Rentals &#8226; Reservations\" \/>\n<meta name=\"twitter:description\" content=\"Holiday apartments and chalet rentals in the beautiful mountain village &amp; ski resort of Wengen, in the heart of Switzerland&#039;s Jungfrau Region.\" \/>\n<meta name=\"twitter:image\" content=\"https:\/\/wengenrentals.com\/wp-content\/uploads\/2022\/02\/sunny-bijou-wengen-apartment-rental-1.jpeg\" \/>\n<meta name=\"twitter:label1\" content=\"Gesch\u00e4tzte Lesezeit\" \/>\n\t<meta name=\"twitter:data1\" content=\"2\u00a0Minuten\" \/>\n<script type=\"application\/ld+json\" class=\"yoast-schema-graph\">{\"@context\":\"https:\/\/schema.org\",\"@graph\":[{\"@type\":[\"WebPage\",\"CheckoutPage\"],\"@id\":\"https:\/\/wengenrentals.com\/reservations\/\",\"url\":\"https:\/\/wengenrentals.com\/reservations\/\",\"name\":\"Reservations &#8226; Wengen Rentals\",\"isPartOf\":{\"@id\":\"https:\/\/wengenrentals.com\/#website\"},\"datePublished\":\"2021-02-04T20:23:36+00:00\",\"dateModified\":\"2026-03-08T15:21:02+00:00\",\"description\":\"Reserve your holiday apartment in Wengen! Ski-in, ski-out apartment and chalet rentals in Wengen's best locations.\",\"breadcrumb\":{\"@id\":\"https:\/\/wengenrentals.com\/reservations\/#breadcrumb\"},\"inLanguage\":\"de\",\"potentialAction\":[{\"@type\":\"ReadAction\",\"target\":[\"https:\/\/wengenrentals.com\/reservations\/\"]}]},{\"@type\":\"BreadcrumbList\",\"@id\":\"https:\/\/wengenrentals.com\/reservations\/#breadcrumb\",\"itemListElement\":[{\"@type\":\"ListItem\",\"position\":1,\"name\":\"Home\",\"item\":\"https:\/\/wengenrentals.com\/\"},{\"@type\":\"ListItem\",\"position\":2,\"name\":\"Reservations\"}]},{\"@type\":\"WebSite\",\"@id\":\"https:\/\/wengenrentals.com\/#website\",\"url\":\"https:\/\/wengenrentals.com\/\",\"name\":\"Wengen Rentals\",\"description\":\"Holiday apartment rentals in Wengen Switzerland\",\"publisher\":{\"@id\":\"https:\/\/wengenrentals.com\/#organization\"},\"potentialAction\":[{\"@type\":\"SearchAction\",\"target\":{\"@type\":\"EntryPoint\",\"urlTemplate\":\"https:\/\/wengenrentals.com\/?s={search_term_string}\"},\"query-input\":{\"@type\":\"PropertyValueSpecification\",\"valueRequired\":true,\"valueName\":\"search_term_string\"}}],\"inLanguage\":\"de\"},{\"@type\":\"Organization\",\"@id\":\"https:\/\/wengenrentals.com\/#organization\",\"name\":\"Wengen Rentals\",\"url\":\"https:\/\/wengenrentals.com\/\",\"logo\":{\"@type\":\"ImageObject\",\"inLanguage\":\"de\",\"@id\":\"https:\/\/wengenrentals.com\/#\/schema\/logo\/image\/\",\"url\":\"https:\/\/wengenrentals.com\/wp-content\/uploads\/2021\/07\/wengen-rentals-full-icon-black.png\",\"contentUrl\":\"https:\/\/wengenrentals.com\/wp-content\/uploads\/2021\/07\/wengen-rentals-full-icon-black.png\",\"width\":541,\"height\":541,\"caption\":\"Wengen Rentals\"},\"image\":{\"@id\":\"https:\/\/wengenrentals.com\/#\/schema\/logo\/image\/\"},\"sameAs\":[\"https:\/\/www.facebook.com\/wengenrentals\",\"https:\/\/www.instagram.com\/wengenrentals\/\",\"https:\/\/www.linkedin.com\/company\/wengen-rentals\/\"]}]}<\/script>\n<!-- \/ Yoast SEO plugin. -->","yoast_head_json":{"title":"Reservierungen \u2022 Wengen Rentals","description":"Reservieren Sie Ihre Ferienwohnung in Wengen! Ski-in, Ski-out-Apartment- und Chalet-Vermietung an den besten Lagen von Wengen.","robots":{"index":"index","follow":"follow","max-snippet":"max-snippet:-1","max-image-preview":"max-image-preview:large","max-video-preview":"max-video-preview:-1"},"canonical":"https:\/\/wengenrentals.com\/de\/reservations\/","og_locale":"de_DE","og_type":"article","og_title":"Wengen Rentals &#8226; Reservations","og_description":"Holiday apartments and chalet rentals in the beautiful mountain village & ski resort of Wengen, in the heart of Switzerland's Jungfrau Region.","og_url":"https:\/\/wengenrentals.com\/de\/reservations\/","og_site_name":"Wengen Rentals","article_publisher":"https:\/\/www.facebook.com\/wengenrentals","article_modified_time":"2026-03-08T15:21:02+00:00","og_image":[{"width":1200,"height":800,"url":"https:\/\/wengenrentals.com\/wp-content\/uploads\/2022\/02\/sunny-bijou-wengen-apartment-rental-1.jpeg","type":"image\/jpeg"}],"twitter_card":"summary_large_image","twitter_title":"Wengen Rentals &#8226; Reservations","twitter_description":"Holiday apartments and chalet rentals in the beautiful mountain village & ski resort of Wengen, in the heart of Switzerland's Jungfrau Region.","twitter_image":"https:\/\/wengenrentals.com\/wp-content\/uploads\/2022\/02\/sunny-bijou-wengen-apartment-rental-1.jpeg","twitter_misc":{"Gesch\u00e4tzte Lesezeit":"2\u00a0Minuten"},"schema":{"@context":"https:\/\/schema.org","@graph":[{"@type":["WebPage","CheckoutPage"],"@id":"https:\/\/wengenrentals.com\/reservations\/","url":"https:\/\/wengenrentals.com\/reservations\/","name":"Reservierungen \u2022 Wengen Rentals","isPartOf":{"@id":"https:\/\/wengenrentals.com\/#website"},"datePublished":"2021-02-04T20:23:36+00:00","dateModified":"2026-03-08T15:21:02+00:00","description":"Reservieren Sie Ihre Ferienwohnung in Wengen! Ski-in, Ski-out-Apartment- und Chalet-Vermietung an den besten Lagen von Wengen.","breadcrumb":{"@id":"https:\/\/wengenrentals.com\/reservations\/#breadcrumb"},"inLanguage":"de","potentialAction":[{"@type":"ReadAction","target":["https:\/\/wengenrentals.com\/reservations\/"]}]},{"@type":"BreadcrumbList","@id":"https:\/\/wengenrentals.com\/reservations\/#breadcrumb","itemListElement":[{"@type":"ListItem","position":1,"name":"Home","item":"https:\/\/wengenrentals.com\/"},{"@type":"ListItem","position":2,"name":"Reservations"}]},{"@type":"WebSite","@id":"https:\/\/wengenrentals.com\/#website","url":"https:\/\/wengenrentals.com\/","name":"Wengen Vermietungen","description":"Ferienwohnungen mieten in Wengen Schweiz","publisher":{"@id":"https:\/\/wengenrentals.com\/#organization"},"potentialAction":[{"@type":"SearchAction","target":{"@type":"EntryPoint","urlTemplate":"https:\/\/wengenrentals.com\/?s={search_term_string}"},"query-input":{"@type":"PropertyValueSpecification","valueRequired":true,"valueName":"search_term_string"}}],"inLanguage":"de"},{"@type":"Organization","@id":"https:\/\/wengenrentals.com\/#organization","name":"Wengen Vermietungen","url":"https:\/\/wengenrentals.com\/","logo":{"@type":"ImageObject","inLanguage":"de","@id":"https:\/\/wengenrentals.com\/#\/schema\/logo\/image\/","url":"https:\/\/wengenrentals.com\/wp-content\/uploads\/2021\/07\/wengen-rentals-full-icon-black.png","contentUrl":"https:\/\/wengenrentals.com\/wp-content\/uploads\/2021\/07\/wengen-rentals-full-icon-black.png","width":541,"height":541,"caption":"Wengen Rentals"},"image":{"@id":"https:\/\/wengenrentals.com\/#\/schema\/logo\/image\/"},"sameAs":["https:\/\/www.facebook.com\/wengenrentals","https:\/\/www.instagram.com\/wengenrentals\/","https:\/\/www.linkedin.com\/company\/wengen-rentals\/"]}]}},"_links":{"self":[{"href":"https:\/\/wengenrentals.com\/de\/wp-json\/wp\/v2\/pages\/3059","targetHints":{"allow":["GET"]}}],"collection":[{"href":"https:\/\/wengenrentals.com\/de\/wp-json\/wp\/v2\/pages"}],"about":[{"href":"https:\/\/wengenrentals.com\/de\/wp-json\/wp\/v2\/types\/page"}],"author":[{"embeddable":true,"href":"https:\/\/wengenrentals.com\/de\/wp-json\/wp\/v2\/users\/1"}],"replies":[{"embeddable":true,"href":"https:\/\/wengenrentals.com\/de\/wp-json\/wp\/v2\/comments?post=3059"}],"version-history":[{"count":5,"href":"https:\/\/wengenrentals.com\/de\/wp-json\/wp\/v2\/pages\/3059\/revisions"}],"predecessor-version":[{"id":23852,"href":"https:\/\/wengenrentals.com\/de\/wp-json\/wp\/v2\/pages\/3059\/revisions\/23852"}],"wp:attachment":[{"href":"https:\/\/wengenrentals.com\/de\/wp-json\/wp\/v2\/media?parent=3059"}],"curies":[{"name":"wp","href":"https:\/\/api.w.org\/{rel}","templated":true}]}}