{"id":1265,"date":"2020-06-14T15:02:11","date_gmt":"2020-06-14T13:02:11","guid":{"rendered":"https:\/\/wengenrentals.com\/?page_id=1265"},"modified":"2026-03-08T14:40:21","modified_gmt":"2026-03-08T13:40:21","slug":"cookies-policy","status":"publish","type":"page","link":"https:\/\/wengenrentals.com\/de\/cookies-policy\/","title":{"rendered":"Cookie-Richtlinie"},"content":{"rendered":"<div data-elementor-type=\"wp-post\" data-elementor-id=\"1265\" class=\"elementor elementor-1265\">\n\t\t\t\t\t\t<section class=\"elementor-section elementor-top-section elementor-element elementor-element-1c701846 elementor-section-full_width elementor-section-height-default elementor-section-height-default\" data-id=\"1c701846\" data-element_type=\"section\" data-settings=\"{&quot;background_background&quot;:&quot;classic&quot;}\">\n\t\t\t\t\t\t<div class=\"elementor-container elementor-column-gap-no\">\n\t\t\t\t\t<div class=\"elementor-column elementor-col-100 elementor-top-column elementor-element elementor-element-70937a43\" data-id=\"70937a43\" data-element_type=\"column\">\n\t\t\t<div class=\"elementor-widget-wrap elementor-element-populated\">\n\t\t\t\t\t\t<div class=\"elementor-element elementor-element-56e12954 elementor-widget elementor-widget-themo-slider\" data-id=\"56e12954\" data-element_type=\"widget\" data-widget_type=\"themo-slider.default\">\n\t\t\t\t<div class=\"elementor-widget-container\">\n\t\t\t\t\t\n\t\t<div id=\"main-flex-slider\" class=\"flexslider\">\n\t\t\t<ul class=\"slides\">\n\t\t\t\t\n                    \n                    \n\t\t\t\t\t\t\t\t\t\t                    \n                    <li class=\"elementor-repeater-item-100f201\">\n\t\t\t\t\t\t<div class=\"slider-bg slide-cal-center\">\n                            <div class=\"th-slide-wrap th-slider-overlay has-image-bg\">\n                                <div class=\"th-slide-inner  th-left\">\n                                    <div class=\"th-slide-content\">\n                                        \n                                                                                \n                                        \n                                                                                                                                                                            \n                                            <div><\/div>                                                                            <\/div>\n                                <\/div>\n\t\t\t\t\t\t\t<\/div>\n\t\t\t\t\t\t<\/div>\n\t\t\t\t\t<\/li>\n\t\t\t\t\t\t\t<\/ul>\n\n\t\t\t\t\t<\/div>\n\n\t\t<script>\n\t\t\tjQuery( function ( $ ) {\n\n\t\t\t\tthemo_start_flex_slider(\n\t\t\t\t\t'.flexslider',\n                    true,\n\t\t\t\t\t'fade',\n\t\t\t\t\t'swing',\n\t\t\t\t\ttrue,\n\t\t\t\t\ttrue,\n\t\t\t\t\t4000,\n\t\t\t\t\t650,\n\t\t\t\t\tfalse,\n\t\t\t\t\tfalse,\n\t\t\t\t\ttrue,\n\t\t\t\t\tfalse,\n\t\t\t\t\tfalse\t\t\t\t);\n\t\t\t} );\n\t\t<\/script>\n\t\t\t\t\t\t<\/div>\n\t\t\t\t<\/div>\n\t\t\t\t\t<\/div>\n\t\t<\/div>\n\t\t\t\t\t<\/div>\n\t\t<\/section>\n\t\t\t\t<section class=\"elementor-section elementor-top-section elementor-element elementor-element-144cedfa elementor-section-boxed elementor-section-height-default elementor-section-height-default\" data-id=\"144cedfa\" data-element_type=\"section\" data-settings=\"{&quot;background_background&quot;:&quot;classic&quot;}\">\n\t\t\t\t\t\t<div class=\"elementor-container elementor-column-gap-default\">\n\t\t\t\t\t<div class=\"elementor-column elementor-col-100 elementor-top-column elementor-element elementor-element-6c43dac3\" data-id=\"6c43dac3\" data-element_type=\"column\">\n\t\t\t<div class=\"elementor-widget-wrap elementor-element-populated\">\n\t\t\t\t\t\t<div class=\"elementor-element elementor-element-2c97749b elementor-widget elementor-widget-spacer\" data-id=\"2c97749b\" data-element_type=\"widget\" data-widget_type=\"spacer.default\">\n\t\t\t\t<div class=\"elementor-widget-container\">\n\t\t\t\t\t\t\t<div class=\"elementor-spacer\">\n\t\t\t<div class=\"elementor-spacer-inner\"><\/div>\n\t\t<\/div>\n\t\t\t\t\t\t<\/div>\n\t\t\t\t<\/div>\n\t\t\t\t<div class=\"elementor-element elementor-element-4411db4b elementor-view-default elementor-position-top elementor-widget elementor-widget-themo-header\" data-id=\"4411db4b\" data-element_type=\"widget\" data-widget_type=\"themo-header.default\">\n\t\t\t\t<div class=\"elementor-widget-container\">\n\t\t\t\t\t\t\t<div class=\"th-header-wrap\">\n        <div class=\"elementor-icon-box-wrapper\">\n                            <div class=\"elementor-icon-box-content\">\n                    <h1 class=\"elementor-icon-box-title\">\n                        COOKIES-POLITIK                    <\/h1>\n                                            <span class=\"th-header-divider\"><\/span>\n                                        <p class=\"elementor-icon-box-description\"><\/p>\n\n                                    <\/div>\n            <\/div>\n\n        <\/div>\n\n\t\t\t\t\t\t<\/div>\n\t\t\t\t<\/div>\n\t\t\t\t\t<\/div>\n\t\t<\/div>\n\t\t\t\t\t<\/div>\n\t\t<\/section>\n\t\t\t\t<section class=\"elementor-section elementor-top-section elementor-element elementor-element-fa3cc05 elementor-section-boxed elementor-section-height-default elementor-section-height-default\" data-id=\"fa3cc05\" data-element_type=\"section\">\n\t\t\t\t\t\t<div class=\"elementor-container elementor-column-gap-default\">\n\t\t\t\t\t<div class=\"elementor-column elementor-col-100 elementor-top-column elementor-element elementor-element-3dfce2f\" data-id=\"3dfce2f\" data-element_type=\"column\">\n\t\t\t<div class=\"elementor-widget-wrap elementor-element-populated\">\n\t\t\t\t\t\t<div class=\"elementor-element elementor-element-10175ba elementor-widget elementor-widget-text-editor\" data-id=\"10175ba\" data-element_type=\"widget\" data-widget_type=\"text-editor.default\">\n\t\t\t\t<div class=\"elementor-widget-container\">\n\t\t\t\t\t\t\t\t\t<p><strong>Cookies<\/strong><\/p><p>Die Website verwendet \u201eCookies\u201c, um Ihre Online-Erfahrung zu personalisieren. Ein Cookie ist eine Textdatei, die von einem Webseiten-Server auf Ihrer Festplatte abgelegt wird. Cookies k\u00f6nnen nicht zum Ausf\u00fchren von Programmen oder zum \u00dcbertragen von Viren auf Ihren Computer verwendet werden. Cookies werden Ihnen eindeutig zugewiesen und k\u00f6nnen nur von einem Webserver in der Dom\u00e4ne gelesen werden, die das Cookie an Sie ausgegeben hat.<\/p><p>Wir k\u00f6nnen Cookies verwenden, um Informationen f\u00fcr statistische Zwecke zu sammeln, zu speichern und zu verfolgen, um unsere Website und Dienste zu betreiben. Sie k\u00f6nnen Cookies akzeptieren oder ablehnen. Die meisten Webbrowser akzeptieren Cookies automatisch, aber Sie k\u00f6nnen Ihre Browsereinstellungen normalerweise so \u00e4ndern, dass Cookies abgelehnt werden, wenn Sie dies bevorzugen. Die Nichtannahme unserer Cookie-Richtlinie bedeutet jedoch, dass Sie keine Online-Buchungen mit vornehmen k\u00f6nnen <a href=\"https:\/\/wengenrentals.com\/de\/\">wengenrentals.com<\/a>. Weitere Informationen zu Cookies und deren Verwaltung finden Sie unter\u00a0<a href=\"http:\/\/allaboutcookies.org\" target=\"_blank\" rel=\"noopener\">internetcookies.org.<\/a> Weitere Informationen zu Ihrer Privatsph\u00e4re finden Sie in unserer <a href=\"https:\/\/wengenrentals.com\/de\/privacy-policy\/\">Datenschutz-Bestimmungen<\/a>.<\/p><p>\u00a0<\/p><p><strong>Daten verfolgen<\/strong><\/p><p>Zur Optimierung der Website und zu statistischen Zwecken sammeln wir Tracking-Daten, die Informationen \u00fcber die Benutzer unserer Website enthalten. Solche Tracking-Daten, die wir f\u00fcr Google Analytics sammeln, geben nicht die Identit\u00e4t einzelner Nutzer preis.<\/p>\t\t\t\t\t\t\t\t<\/div>\n\t\t\t\t<\/div>\n\t\t\t\t\t<\/div>\n\t\t<\/div>\n\t\t\t\t\t<\/div>\n\t\t<\/section>\n\t\t\t\t<section class=\"elementor-section elementor-top-section elementor-element elementor-element-38398d0 elementor-section-boxed elementor-section-height-default elementor-section-height-default\" data-id=\"38398d0\" data-element_type=\"section\">\n\t\t\t\t\t\t<div class=\"elementor-container elementor-column-gap-default\">\n\t\t\t\t\t<div class=\"elementor-column elementor-col-100 elementor-top-column elementor-element elementor-element-0ec4aa7\" data-id=\"0ec4aa7\" data-element_type=\"column\">\n\t\t\t<div class=\"elementor-widget-wrap elementor-element-populated\">\n\t\t\t\t\t\t<div class=\"elementor-element elementor-element-305daa0 elementor-widget elementor-widget-spacer\" data-id=\"305daa0\" data-element_type=\"widget\" data-widget_type=\"spacer.default\">\n\t\t\t\t<div class=\"elementor-widget-container\">\n\t\t\t\t\t\t\t<div class=\"elementor-spacer\">\n\t\t\t<div class=\"elementor-spacer-inner\"><\/div>\n\t\t<\/div>\n\t\t\t\t\t\t<\/div>\n\t\t\t\t<\/div>\n\t\t\t\t\t<\/div>\n\t\t<\/div>\n\t\t\t\t\t<\/div>\n\t\t<\/section>\n\t\t\t\t<\/div>","protected":false},"excerpt":{"rendered":"<p>COOKIES-RICHTLINIE Cookies Die Website verwendet \u201eCookies\u201c, um Ihr Online-Erlebnis zu personalisieren. Ein Cookie ist eine Textdatei, die von einem Webseitenserver auf Ihrer Festplatte abgelegt wird. Cookies k\u00f6nnen nicht zum Ausf\u00fchren von Programmen oder zum Bereitstellen von \u2026 verwendet werden. <a href=\"https:\/\/wengenrentals.com\/de\/cookies-policy\/\">Weiterlesen<\/a><\/p>","protected":false},"author":1,"featured_media":0,"parent":0,"menu_order":8,"comment_status":"closed","ping_status":"closed","template":"","meta":{"footnotes":""},"class_list":["post-1265","page","type-page","status-publish","hentry"],"yoast_head":"<!-- This site is optimized with the Yoast SEO plugin v26.8 - https:\/\/yoast.com\/product\/yoast-seo-wordpress\/ -->\n<title>Cookies Policy &#8226; Wengen Rentals<\/title>\n<meta name=\"description\" content=\"Holiday apartments and chalet rentals in the beautiful mountain village &amp; ski resort of Wengen, in the heart of Switzerland&#039;s Jungfrau Region.\" \/>\n<meta name=\"robots\" content=\"index, follow, max-snippet:-1, max-image-preview:large, max-video-preview:-1\" \/>\n<link rel=\"canonical\" href=\"https:\/\/wengenrentals.com\/de\/cookies-policy\/\" \/>\n<meta property=\"og:locale\" content=\"de_DE\" \/>\n<meta property=\"og:type\" content=\"article\" \/>\n<meta property=\"og:title\" content=\"Cookies Policy &#8226; Wengen Rentals\" \/>\n<meta property=\"og:description\" content=\"Holiday apartments and chalet rentals in the beautiful mountain village &amp; ski resort of Wengen, in the heart of Switzerland&#039;s Jungfrau Region.\" \/>\n<meta property=\"og:url\" content=\"https:\/\/wengenrentals.com\/de\/cookies-policy\/\" \/>\n<meta property=\"og:site_name\" content=\"Wengen Rentals\" \/>\n<meta property=\"article:publisher\" content=\"https:\/\/www.facebook.com\/wengenrentals\" \/>\n<meta property=\"article:modified_time\" content=\"2026-03-08T13:40:21+00:00\" \/>\n<meta property=\"og:image\" content=\"https:\/\/wengenrentals.com\/wp-content\/uploads\/2020\/05\/wengen-switzerland-apartment-rental-1.jpeg\" \/>\n\t<meta property=\"og:image:width\" content=\"1200\" \/>\n\t<meta property=\"og:image:height\" content=\"800\" \/>\n\t<meta property=\"og:image:type\" content=\"image\/jpeg\" \/>\n<meta name=\"twitter:card\" content=\"summary_large_image\" \/>\n<meta name=\"twitter:label1\" content=\"Gesch\u00e4tzte Lesezeit\" \/>\n\t<meta name=\"twitter:data1\" content=\"1\u00a0Minute\" \/>\n<script type=\"application\/ld+json\" class=\"yoast-schema-graph\">{\"@context\":\"https:\/\/schema.org\",\"@graph\":[{\"@type\":\"WebPage\",\"@id\":\"https:\/\/wengenrentals.com\/cookies-policy\/\",\"url\":\"https:\/\/wengenrentals.com\/cookies-policy\/\",\"name\":\"Cookies Policy &#8226; Wengen Rentals\",\"isPartOf\":{\"@id\":\"https:\/\/wengenrentals.com\/#website\"},\"datePublished\":\"2020-06-14T13:02:11+00:00\",\"dateModified\":\"2026-03-08T13:40:21+00:00\",\"description\":\"Holiday apartments and chalet rentals in the beautiful mountain village & ski resort of Wengen, in the heart of Switzerland's Jungfrau Region.\",\"breadcrumb\":{\"@id\":\"https:\/\/wengenrentals.com\/cookies-policy\/#breadcrumb\"},\"inLanguage\":\"de\",\"potentialAction\":[{\"@type\":\"ReadAction\",\"target\":[\"https:\/\/wengenrentals.com\/cookies-policy\/\"]}]},{\"@type\":\"BreadcrumbList\",\"@id\":\"https:\/\/wengenrentals.com\/cookies-policy\/#breadcrumb\",\"itemListElement\":[{\"@type\":\"ListItem\",\"position\":1,\"name\":\"Home\",\"item\":\"https:\/\/wengenrentals.com\/\"},{\"@type\":\"ListItem\",\"position\":2,\"name\":\"Cookies Policy\"}]},{\"@type\":\"WebSite\",\"@id\":\"https:\/\/wengenrentals.com\/#website\",\"url\":\"https:\/\/wengenrentals.com\/\",\"name\":\"Wengen Rentals\",\"description\":\"Holiday apartment rentals in Wengen Switzerland\",\"publisher\":{\"@id\":\"https:\/\/wengenrentals.com\/#organization\"},\"potentialAction\":[{\"@type\":\"SearchAction\",\"target\":{\"@type\":\"EntryPoint\",\"urlTemplate\":\"https:\/\/wengenrentals.com\/?s={search_term_string}\"},\"query-input\":{\"@type\":\"PropertyValueSpecification\",\"valueRequired\":true,\"valueName\":\"search_term_string\"}}],\"inLanguage\":\"de\"},{\"@type\":\"Organization\",\"@id\":\"https:\/\/wengenrentals.com\/#organization\",\"name\":\"Wengen Rentals\",\"url\":\"https:\/\/wengenrentals.com\/\",\"logo\":{\"@type\":\"ImageObject\",\"inLanguage\":\"de\",\"@id\":\"https:\/\/wengenrentals.com\/#\/schema\/logo\/image\/\",\"url\":\"https:\/\/wengenrentals.com\/wp-content\/uploads\/2021\/07\/wengen-rentals-full-icon-black.png\",\"contentUrl\":\"https:\/\/wengenrentals.com\/wp-content\/uploads\/2021\/07\/wengen-rentals-full-icon-black.png\",\"width\":541,\"height\":541,\"caption\":\"Wengen Rentals\"},\"image\":{\"@id\":\"https:\/\/wengenrentals.com\/#\/schema\/logo\/image\/\"},\"sameAs\":[\"https:\/\/www.facebook.com\/wengenrentals\",\"https:\/\/www.instagram.com\/wengenrentals\/\",\"https:\/\/www.linkedin.com\/company\/wengen-rentals\/\"]}]}<\/script>\n<!-- \/ Yoast SEO plugin. -->","yoast_head_json":{"title":"Cookie-Richtlinie \u2022 Wengen Rentals","description":"Ferienwohnungen und Chaletvermietung im wundersch\u00f6nen Bergdorf und Skigebiet Wengen, im Herzen der Schweizer Jungfrau-Region.","robots":{"index":"index","follow":"follow","max-snippet":"max-snippet:-1","max-image-preview":"max-image-preview:large","max-video-preview":"max-video-preview:-1"},"canonical":"https:\/\/wengenrentals.com\/de\/cookies-policy\/","og_locale":"de_DE","og_type":"article","og_title":"Cookies Policy &#8226; Wengen Rentals","og_description":"Holiday apartments and chalet rentals in the beautiful mountain village & ski resort of Wengen, in the heart of Switzerland's Jungfrau Region.","og_url":"https:\/\/wengenrentals.com\/de\/cookies-policy\/","og_site_name":"Wengen Rentals","article_publisher":"https:\/\/www.facebook.com\/wengenrentals","article_modified_time":"2026-03-08T13:40:21+00:00","og_image":[{"width":1200,"height":800,"url":"https:\/\/wengenrentals.com\/wp-content\/uploads\/2020\/05\/wengen-switzerland-apartment-rental-1.jpeg","type":"image\/jpeg"}],"twitter_card":"summary_large_image","twitter_misc":{"Gesch\u00e4tzte Lesezeit":"1\u00a0Minute"},"schema":{"@context":"https:\/\/schema.org","@graph":[{"@type":"WebPage","@id":"https:\/\/wengenrentals.com\/cookies-policy\/","url":"https:\/\/wengenrentals.com\/cookies-policy\/","name":"Cookie-Richtlinie \u2022 Wengen Rentals","isPartOf":{"@id":"https:\/\/wengenrentals.com\/#website"},"datePublished":"2020-06-14T13:02:11+00:00","dateModified":"2026-03-08T13:40:21+00:00","description":"Ferienwohnungen und Chaletvermietung im wundersch\u00f6nen Bergdorf und Skigebiet Wengen, im Herzen der Schweizer Jungfrau-Region.","breadcrumb":{"@id":"https:\/\/wengenrentals.com\/cookies-policy\/#breadcrumb"},"inLanguage":"de","potentialAction":[{"@type":"ReadAction","target":["https:\/\/wengenrentals.com\/cookies-policy\/"]}]},{"@type":"BreadcrumbList","@id":"https:\/\/wengenrentals.com\/cookies-policy\/#breadcrumb","itemListElement":[{"@type":"ListItem","position":1,"name":"Home","item":"https:\/\/wengenrentals.com\/"},{"@type":"ListItem","position":2,"name":"Cookies Policy"}]},{"@type":"WebSite","@id":"https:\/\/wengenrentals.com\/#website","url":"https:\/\/wengenrentals.com\/","name":"Wengen Vermietungen","description":"Ferienwohnungen mieten in Wengen Schweiz","publisher":{"@id":"https:\/\/wengenrentals.com\/#organization"},"potentialAction":[{"@type":"SearchAction","target":{"@type":"EntryPoint","urlTemplate":"https:\/\/wengenrentals.com\/?s={search_term_string}"},"query-input":{"@type":"PropertyValueSpecification","valueRequired":true,"valueName":"search_term_string"}}],"inLanguage":"de"},{"@type":"Organization","@id":"https:\/\/wengenrentals.com\/#organization","name":"Wengen Vermietungen","url":"https:\/\/wengenrentals.com\/","logo":{"@type":"ImageObject","inLanguage":"de","@id":"https:\/\/wengenrentals.com\/#\/schema\/logo\/image\/","url":"https:\/\/wengenrentals.com\/wp-content\/uploads\/2021\/07\/wengen-rentals-full-icon-black.png","contentUrl":"https:\/\/wengenrentals.com\/wp-content\/uploads\/2021\/07\/wengen-rentals-full-icon-black.png","width":541,"height":541,"caption":"Wengen Rentals"},"image":{"@id":"https:\/\/wengenrentals.com\/#\/schema\/logo\/image\/"},"sameAs":["https:\/\/www.facebook.com\/wengenrentals","https:\/\/www.instagram.com\/wengenrentals\/","https:\/\/www.linkedin.com\/company\/wengen-rentals\/"]}]}},"_links":{"self":[{"href":"https:\/\/wengenrentals.com\/de\/wp-json\/wp\/v2\/pages\/1265","targetHints":{"allow":["GET"]}}],"collection":[{"href":"https:\/\/wengenrentals.com\/de\/wp-json\/wp\/v2\/pages"}],"about":[{"href":"https:\/\/wengenrentals.com\/de\/wp-json\/wp\/v2\/types\/page"}],"author":[{"embeddable":true,"href":"https:\/\/wengenrentals.com\/de\/wp-json\/wp\/v2\/users\/1"}],"replies":[{"embeddable":true,"href":"https:\/\/wengenrentals.com\/de\/wp-json\/wp\/v2\/comments?post=1265"}],"version-history":[{"count":5,"href":"https:\/\/wengenrentals.com\/de\/wp-json\/wp\/v2\/pages\/1265\/revisions"}],"predecessor-version":[{"id":23764,"href":"https:\/\/wengenrentals.com\/de\/wp-json\/wp\/v2\/pages\/1265\/revisions\/23764"}],"wp:attachment":[{"href":"https:\/\/wengenrentals.com\/de\/wp-json\/wp\/v2\/media?parent=1265"}],"curies":[{"name":"wp","href":"https:\/\/api.w.org\/{rel}","templated":true}]}}