{"id":1214,"date":"2020-06-11T23:23:05","date_gmt":"2020-06-11T21:23:05","guid":{"rendered":"https:\/\/wengenrentals.com\/?page_id=1214"},"modified":"2026-03-08T14:48:15","modified_gmt":"2026-03-08T13:48:15","slug":"terms-conditions","status":"publish","type":"page","link":"https:\/\/wengenrentals.com\/de\/terms-conditions\/","title":{"rendered":"Terms &amp; amp; Bedingungen"},"content":{"rendered":"<div data-elementor-type=\"wp-post\" data-elementor-id=\"1214\" class=\"elementor elementor-1214\">\n\t\t\t\t\t\t<section class=\"elementor-section elementor-top-section elementor-element elementor-element-1c701846 elementor-section-full_width elementor-section-height-default elementor-section-height-default\" data-id=\"1c701846\" data-element_type=\"section\" data-settings=\"{&quot;background_background&quot;:&quot;classic&quot;}\">\n\t\t\t\t\t\t<div class=\"elementor-container elementor-column-gap-no\">\n\t\t\t\t\t<div class=\"elementor-column elementor-col-100 elementor-top-column elementor-element elementor-element-70937a43\" data-id=\"70937a43\" data-element_type=\"column\">\n\t\t\t<div class=\"elementor-widget-wrap elementor-element-populated\">\n\t\t\t\t\t\t<div class=\"elementor-element elementor-element-56e12954 elementor-widget elementor-widget-themo-slider\" data-id=\"56e12954\" data-element_type=\"widget\" data-widget_type=\"themo-slider.default\">\n\t\t\t\t<div class=\"elementor-widget-container\">\n\t\t\t\t\t\n\t\t<div id=\"main-flex-slider\" class=\"flexslider\">\n\t\t\t<ul class=\"slides\">\n\t\t\t\t\n                    \n                    \n\t\t\t\t\t\t\t\t\t\t                    \n                    <li class=\"elementor-repeater-item-100f201\">\n\t\t\t\t\t\t<div class=\"slider-bg slide-cal-center\">\n                            <div class=\"th-slide-wrap th-slider-overlay has-image-bg\">\n                                <div class=\"th-slide-inner  th-left\">\n                                    <div class=\"th-slide-content\">\n                                        \n                                                                                \n                                        \n                                                                                                                                                                            \n                                            <div><\/div>                                                                            <\/div>\n                                <\/div>\n\t\t\t\t\t\t\t<\/div>\n\t\t\t\t\t\t<\/div>\n\t\t\t\t\t<\/li>\n\t\t\t\t\t\t\t<\/ul>\n\n\t\t\t\t\t<\/div>\n\n\t\t<script>\n\t\t\tjQuery( function ( $ ) {\n\n\t\t\t\tthemo_start_flex_slider(\n\t\t\t\t\t'.flexslider',\n                    true,\n\t\t\t\t\t'fade',\n\t\t\t\t\t'swing',\n\t\t\t\t\ttrue,\n\t\t\t\t\ttrue,\n\t\t\t\t\t4000,\n\t\t\t\t\t650,\n\t\t\t\t\tfalse,\n\t\t\t\t\tfalse,\n\t\t\t\t\ttrue,\n\t\t\t\t\tfalse,\n\t\t\t\t\tfalse\t\t\t\t);\n\t\t\t} );\n\t\t<\/script>\n\t\t\t\t\t\t<\/div>\n\t\t\t\t<\/div>\n\t\t\t\t\t<\/div>\n\t\t<\/div>\n\t\t\t\t\t<\/div>\n\t\t<\/section>\n\t\t\t\t<section class=\"elementor-section elementor-top-section elementor-element elementor-element-144cedfa elementor-section-boxed elementor-section-height-default elementor-section-height-default\" data-id=\"144cedfa\" data-element_type=\"section\" data-settings=\"{&quot;background_background&quot;:&quot;classic&quot;}\">\n\t\t\t\t\t\t<div class=\"elementor-container elementor-column-gap-default\">\n\t\t\t\t\t<div class=\"elementor-column elementor-col-100 elementor-top-column elementor-element elementor-element-6c43dac3\" data-id=\"6c43dac3\" data-element_type=\"column\">\n\t\t\t<div class=\"elementor-widget-wrap elementor-element-populated\">\n\t\t\t\t\t\t<div class=\"elementor-element elementor-element-2c97749b elementor-widget elementor-widget-spacer\" data-id=\"2c97749b\" data-element_type=\"widget\" data-widget_type=\"spacer.default\">\n\t\t\t\t<div class=\"elementor-widget-container\">\n\t\t\t\t\t\t\t<div class=\"elementor-spacer\">\n\t\t\t<div class=\"elementor-spacer-inner\"><\/div>\n\t\t<\/div>\n\t\t\t\t\t\t<\/div>\n\t\t\t\t<\/div>\n\t\t\t\t<div class=\"elementor-element elementor-element-4411db4b elementor-view-default elementor-position-top elementor-widget elementor-widget-themo-header\" data-id=\"4411db4b\" data-element_type=\"widget\" data-widget_type=\"themo-header.default\">\n\t\t\t\t<div class=\"elementor-widget-container\">\n\t\t\t\t\t\t\t<div class=\"th-header-wrap\">\n        <div class=\"elementor-icon-box-wrapper\">\n                            <div class=\"elementor-icon-box-content\">\n                    <h1 class=\"elementor-icon-box-title\">\n                        Gesch\u00e4ftsbedingungen                    <\/h1>\n                                            <span class=\"th-header-divider\"><\/span>\n                                        <p class=\"elementor-icon-box-description\"><\/p>\n\n                                    <\/div>\n            <\/div>\n\n        <\/div>\n\n\t\t\t\t\t\t<\/div>\n\t\t\t\t<\/div>\n\t\t\t\t\t<\/div>\n\t\t<\/div>\n\t\t\t\t\t<\/div>\n\t\t<\/section>\n\t\t\t\t<section class=\"elementor-section elementor-top-section elementor-element elementor-element-fa3cc05 elementor-section-boxed elementor-section-height-default elementor-section-height-default\" data-id=\"fa3cc05\" data-element_type=\"section\">\n\t\t\t\t\t\t<div class=\"elementor-container elementor-column-gap-default\">\n\t\t\t\t\t<div class=\"elementor-column elementor-col-100 elementor-top-column elementor-element elementor-element-3dfce2f\" data-id=\"3dfce2f\" data-element_type=\"column\">\n\t\t\t<div class=\"elementor-widget-wrap elementor-element-populated\">\n\t\t\t\t\t\t<div class=\"elementor-element elementor-element-10175ba elementor-widget elementor-widget-text-editor\" data-id=\"10175ba\" data-element_type=\"widget\" data-widget_type=\"text-editor.default\">\n\t\t\t\t<div class=\"elementor-widget-container\">\n\t\t\t\t\t\t\t\t\t<ul>\n<li>Ein Vertrag zwischen Ihnen und <a href=\"https:\/\/wengenrentals.com\/de\/\">WengenRentals.com<\/a> entsteht mit Zahlungseingang und Annahme Ihrer Buchung durch Ausstellung einer Buchungsbest\u00e4tigung f\u00fcr die im Mietvertrag ausgewiesenen Urlaubsdaten. Der Vertrag bindet Sie und alle Mitglieder Ihrer Gruppe. Es liegt in Ihrer Verantwortung sicherzustellen, dass alle Mitglieder Ihrer Reisegruppe die in diesen Buchungsbedingungen festgelegten Vertragsbedingungen akzeptieren. Die Nichtoffenlegung aller relevanten Informationen oder die Nichteinhaltung dieser Bedingungen kann zur K\u00fcndigung des Vertrags und zum Verlust der Buchung f\u00fchren.<\/li>\n<li>Zum Zeitpunkt der Buchung ist eine nicht r\u00fcckzahlbare Anzahlung von 50% des Gesamtpreises zu leisten. Buchungen, die weniger als 15 Tage vor Ihrem Ankunftsdatum erfolgen, m\u00fcssen mit dem vollen Betrag der Urlaubsgeb\u00fchr und der <strong>CHF 300 <\/strong>r\u00fcckzahlbare Schadenskaution (falls gew\u00fcnscht).<\/li>\n<li>Der Restbetrag muss so bezahlt werden, dass er sp\u00e4testens 15 Tage vor Beginn Ihres Urlaubs eintrifft. Wenn der Restbetrag nicht bis zum F\u00e4lligkeitsdatum eingeht, wird Ihr Urlaub als Stornierung behandelt und der Kunde bleibt zur Zahlung des Restbetrags der Miete verpflichtet.<\/li>\n<li>Stornierungsbedingungen: Kostenlose Stornierung f\u00fcr 48 Stunden (falls 30 oder mehr Tage vor Ihrem Check-in-Datum). Danach stornieren Sie bis zu 14 Tage vor dem Check-in und erhalten eine R\u00fcckerstattung von 50% abz\u00fcglich einer Verwaltungsgeb\u00fchr von CHF 50. Alle Buchungen sind nicht erstattungsf\u00e4hig, wenn der Check-in weniger als 14 Tage entfernt ist.<\/li>\n<li>Wir empfehlen Ihnen dringend, eine umfassende Reiseversicherung abzuschlie\u00dfen. Wenn Sie dies nicht tun, \u00fcbernehmen Sie die Verantwortung f\u00fcr Verluste, die Ihnen aufgrund Ihrer Stornierung entstehen k\u00f6nnen.&nbsp;<\/li>\n<li>Ihre Buchung wird nicht von storniert <a href=\"https:\/\/wengenrentals.com\/de\/\">WengenRentals.com<\/a> au\u00dfer in Ausnahmef\u00e4llen, die au\u00dferhalb unserer Kontrolle liegen. Die Stornierung wird so schnell wie m\u00f6glich mitgeteilt und wir werden alle f\u00fcr Ihren Urlaub geleisteten Zahlungen umgehend zur\u00fcckerstatten. Unsere Stornierungshaftung beschr\u00e4nkt sich auf an uns geleistete Zahlungen.<\/li>\n<li>Die Anzahl der Personen, die die Unterkunft zu einem beliebigen Zeitpunkt nutzen, darf nicht \u00fcberschritten werden&nbsp;<strong>der f\u00fcr diese bestimmte Auflistung angegebene H\u00f6chstbetrag <\/strong>und nur die auf dem Buchungsformular aufgef\u00fchrten Personen k\u00f6nnen die Wohnung belegen. Wir behalten uns das Recht vor, die Buchung ohne Vorank\u00fcndigung und ohne R\u00fcckerstattung im Falle eines Versto\u00dfes gegen diese Bedingung zu k\u00fcndigen.<\/li>\n<li>Buchungen von Personen unter 18 Jahren k\u00f6nnen nicht angenommen werden.<\/li>\n<li>Wir (<a href=\"https:\/\/wengenrentals.com\/de\/\">WengenRentals.com<\/a>) behalten sich das Recht vor, eine Buchung ohne Angabe von Gr\u00fcnden abzulehnen.<\/li>\n<li>Wir oder unser Vertreter behalten uns das Recht vor, die Wohnung jederzeit zu betreten, um wesentliche Wartungsarbeiten oder Inspektionszwecke durchzuf\u00fchren. In dieser unwahrscheinlichen Situation werden wir den \/ die Gast (e) im Voraus benachrichtigen und versuchen, einen f\u00fcr alle Parteien akzeptablen Zeitpunkt zu finden.<\/li>\n<li>Mietverh\u00e4ltnisse beginnen normalerweise um&nbsp;<strong>15:00 (15:00 Uhr) <\/strong>sofern nicht anders vereinbart und die G\u00e4ste verpflichtet sind, die Wohnung bis zu r\u00e4umen&nbsp;<strong>10: 00a<\/strong>&nbsp;am Tag der Abreise. Dadurch kann die Unterkunft gr\u00fcndlich gereinigt und f\u00fcr ankommende G\u00e4ste vorbereitet werden. Bitte reinigen Sie Ihr schmutziges Geschirr, trocknen Sie es und stellen Sie es weg (oder laden Sie es in die Sp\u00fclmaschine, wenn die Wohnung mit einem ausgestattet ist).<\/li>\n<li>Keine Haustiere. Rauchen verboten. Haustiere oder Rauchen \u00fcberall auf dem Gel\u00e4nde f\u00fchren zur sofortigen Beendigung der Belegung und zum Verlust aller Zahlungen. Dies muss strikt eingehalten werden und Sch\u00e4den oder zus\u00e4tzliche Reinigung durch Haustiere oder Rauchen gehen zu Lasten von Ihnen.<\/li>\n<li>Schadenskaution - Mit der Buchung \u00fcbernehmen Sie die Verantwortung f\u00fcr Diebstahl, Bruch oder Besch\u00e4digung, die von Ihnen oder einem Mitglied Ihrer Gruppe verursacht wurden, und verpflichten sich, uns f\u00fcr etwaige Verluste, die uns dadurch entstehen, vollst\u00e4ndig zu entsch\u00e4digen. Die Kaution wird innerhalb von zur\u00fcckerstattet&nbsp;<strong>15&nbsp;<\/strong>Tage nach Ende Ihres Urlaubs abz\u00fcglich der Kosten f\u00fcr Sch\u00e4den \/ Br\u00fcche.<\/li>\n<li>Sachsch\u00e4den \u2013 Bitte behandeln Sie die Einrichtungen &amp; Unterk\u00fcnfte pfleglich, damit andere G\u00e4ste sich weiterhin daran erfreuen k\u00f6nnen. Falls Sie Sch\u00e4den in Ihrer Unterkunft feststellen, teilen Sie uns dies bitte umgehend mit, damit wir die entsprechenden Ma\u00dfnahmen ergreifen k\u00f6nnen. Sollte es w\u00e4hrend Ihres Aufenthaltes zu Sch\u00e4den gekommen sein, w\u00e4ren wir Ihnen dankbar, wenn Sie uns dies umgehend mitteilen w\u00fcrden. Die Unterkunft wird am Ende des Urlaubs inspiziert und Ihnen k\u00f6nnen eventuelle Verluste oder Sch\u00e4den in Rechnung gestellt werden.<\/li>\n<li>Bitte denken Sie daran, die T\u00fcren zu verschlie\u00dfen und alle Fenster zu schlie\u00dfen, wenn Sie nicht in der Wohnung sind.<\/li>\n<li>Wengen Rentals beh\u00e4lt sich das Recht vor, eine zus\u00e4tzliche Reinigungsgeb\u00fchr zur Deckung zus\u00e4tzlicher Reinigungskosten zu erheben, wenn der Kunde die Immobilie in einem inakzeptablen Zustand verl\u00e4sst.&nbsp;<\/li>\n<li>Bitte beachten Sie, dass f\u00fcr den Fall, dass ausgestellte Schl\u00fcssel am Ende Ihres Aufenthalts nicht zur\u00fcckgegeben werden, die Kosten f\u00fcr den Ersatz Ihnen in Rechnung gestellt werden.<\/li>\n<li>Der Kunde darf die Immobilie unter keinen Umst\u00e4nden weitervermieten oder untervermieten, auch nicht kostenlos.<\/li>\n<li>Die Internetverbindung ist (ohne zus\u00e4tzliche Kosten) je nach technischer Verf\u00fcgbarkeit verf\u00fcgbar.<\/li>\n<li>Wengen Rentals haftet nicht f\u00fcr vor\u00fcbergehende M\u00e4ngel oder Fehlfunktionen von Ger\u00e4ten, Maschinen oder Ger\u00e4ten im Geb\u00e4ude oder auf dem Grundst\u00fcck.<\/li>\n<li>Das gesamte Inventar muss in dem Eigentum verbleiben, in dem es sich bei der Ankunft befand, und darf nicht genommen werden.&nbsp;<\/li>\n<li>Kinder unter 18 Jahren m\u00fcssen jederzeit von ihren Eltern \/ Erziehungsberechtigten beaufsichtigt werden.<\/li>\n<li>Wir behalten uns das Recht vor, einen Urlaub ohne Entsch\u00e4digung zu beenden, wenn das unangemessene Verhalten der auf der Buchung genannten Personen (oder ihrer G\u00e4ste) den Genuss, den Komfort oder die Gesundheit anderer beeintr\u00e4chtigen kann.<\/li>\n<li>Jedes Problem oder jede Beschwerde, die der Kunde in Bezug auf seinen Urlaub hat, muss sofort sofort an uns gemeldet werden, und wir werden alles tun, um das Problem sofort zu beheben. Alle Beschwerden, die uns \/ dem Hausverwalter zu diesem Zeitpunkt nicht gemeldet wurden und erst gemeldet wurden, nachdem der Kunde aus dem Urlaub zur\u00fcckgekehrt ist, werden als unbedeutend angesehen.<\/li>\n<li>Wir behalten uns das Recht vor, angemessene \u00c4nderungen oder Erg\u00e4nzungen dieser Allgemeinen Gesch\u00e4ftsbedingungen ohne vorherige Ank\u00fcndigung vorzunehmen.<\/li>\n<li>Die Eigenschaften auf <a href=\"https:\/\/wengenrentals.com\/de\/\">WengenRentals.com<\/a> sind in Privatbesitz von uns. Wir erwarten von allen G\u00e4sten, dass sie die Einrichtungen genie\u00dfen und das Anwesen mit dem gleichen Respekt behandeln, den sie mit ihrem eigenen Zuhause h\u00e4tten.<\/li>\n<li>Diese Allgemeinen Gesch\u00e4ftsbedingungen, unsere Datenschutzrichtlinie, Cookie-Richtlinie und alle anderen damit zusammenh\u00e4ngenden Angelegenheiten unterliegen den Gesetzen der Schweiz und werden in \u00dcbereinstimmung mit diesen ausgelegt. Sie unterliegen der nicht ausschlie\u00dflichen Zust\u00e4ndigkeit der Schweizer Gerichte.<\/li>\n<\/ul>\n<p>Dieses Dokument wurde zuletzt am 8. M\u00e4rz 2026 aktualisiert.<\/p>\t\t\t\t\t\t\t\t<\/div>\n\t\t\t\t<\/div>\n\t\t\t\t\t<\/div>\n\t\t<\/div>\n\t\t\t\t\t<\/div>\n\t\t<\/section>\n\t\t\t\t<section class=\"elementor-section elementor-top-section elementor-element elementor-element-38398d0 elementor-section-boxed elementor-section-height-default elementor-section-height-default\" data-id=\"38398d0\" data-element_type=\"section\">\n\t\t\t\t\t\t<div class=\"elementor-container elementor-column-gap-default\">\n\t\t\t\t\t<div class=\"elementor-column elementor-col-100 elementor-top-column elementor-element elementor-element-0ec4aa7\" data-id=\"0ec4aa7\" data-element_type=\"column\">\n\t\t\t<div class=\"elementor-widget-wrap elementor-element-populated\">\n\t\t\t\t\t\t<div class=\"elementor-element elementor-element-305daa0 elementor-widget elementor-widget-spacer\" data-id=\"305daa0\" data-element_type=\"widget\" data-widget_type=\"spacer.default\">\n\t\t\t\t<div class=\"elementor-widget-container\">\n\t\t\t\t\t\t\t<div class=\"elementor-spacer\">\n\t\t\t<div class=\"elementor-spacer-inner\"><\/div>\n\t\t<\/div>\n\t\t\t\t\t\t<\/div>\n\t\t\t\t<\/div>\n\t\t\t\t\t<\/div>\n\t\t<\/div>\n\t\t\t\t\t<\/div>\n\t\t<\/section>\n\t\t\t\t<\/div>","protected":false},"excerpt":{"rendered":"<p>ALLGEMEINE GESCH\u00c4FTSBEDINGUNGEN Ein Vertrag zwischen Ihnen und WengenRentals.com kommt zustande, wenn wir die Zahlung erhalten und Ihre Buchung annehmen, indem wir eine Buchungsbest\u00e4tigung f\u00fcr die im Mietvertrag angegebenen Urlaubsdaten ausstellen. Der Vertrag bindet Sie \u2026 <a href=\"https:\/\/wengenrentals.com\/de\/terms-conditions\/\">Weiterlesen<\/a><\/p>","protected":false},"author":1,"featured_media":0,"parent":0,"menu_order":15,"comment_status":"closed","ping_status":"closed","template":"","meta":{"footnotes":""},"class_list":["post-1214","page","type-page","status-publish","hentry"],"yoast_head":"<!-- This site is optimized with the Yoast SEO plugin v26.8 - https:\/\/yoast.com\/product\/yoast-seo-wordpress\/ -->\n<title>Terms &amp; Conditions &#8226; Wengen Rentals<\/title>\n<meta name=\"description\" content=\"Holiday apartments and chalet rentals in the beautiful mountain village &amp; ski resort of Wengen, in the heart of Switzerland&#039;s Jungfrau Region.\" \/>\n<meta name=\"robots\" content=\"index, follow, max-snippet:-1, max-image-preview:large, max-video-preview:-1\" \/>\n<link rel=\"canonical\" href=\"https:\/\/wengenrentals.com\/de\/terms-conditions\/\" \/>\n<meta property=\"og:locale\" content=\"de_DE\" \/>\n<meta property=\"og:type\" content=\"article\" \/>\n<meta property=\"og:title\" content=\"Terms &amp; Conditions &#8226; Wengen Rentals\" \/>\n<meta property=\"og:description\" content=\"Holiday apartments and chalet rentals in the beautiful mountain village &amp; ski resort of Wengen, in the heart of Switzerland&#039;s Jungfrau Region.\" \/>\n<meta property=\"og:url\" content=\"https:\/\/wengenrentals.com\/de\/terms-conditions\/\" \/>\n<meta property=\"og:site_name\" content=\"Wengen Rentals\" \/>\n<meta property=\"article:publisher\" content=\"https:\/\/www.facebook.com\/wengenrentals\" \/>\n<meta property=\"article:modified_time\" content=\"2026-03-08T13:48:15+00:00\" \/>\n<meta property=\"og:image\" content=\"https:\/\/wengenrentals.com\/wp-content\/uploads\/2020\/05\/wengen-switzerland-apartment-rental-1.jpeg\" \/>\n\t<meta property=\"og:image:width\" content=\"1200\" \/>\n\t<meta property=\"og:image:height\" content=\"800\" \/>\n\t<meta property=\"og:image:type\" content=\"image\/jpeg\" \/>\n<meta name=\"twitter:card\" content=\"summary_large_image\" \/>\n<meta name=\"twitter:label1\" content=\"Gesch\u00e4tzte Lesezeit\" \/>\n\t<meta name=\"twitter:data1\" content=\"5\u00a0Minuten\" \/>\n<script type=\"application\/ld+json\" class=\"yoast-schema-graph\">{\"@context\":\"https:\/\/schema.org\",\"@graph\":[{\"@type\":\"WebPage\",\"@id\":\"https:\/\/wengenrentals.com\/terms-conditions\/\",\"url\":\"https:\/\/wengenrentals.com\/terms-conditions\/\",\"name\":\"Terms & Conditions &#8226; Wengen Rentals\",\"isPartOf\":{\"@id\":\"https:\/\/wengenrentals.com\/#website\"},\"datePublished\":\"2020-06-11T21:23:05+00:00\",\"dateModified\":\"2026-03-08T13:48:15+00:00\",\"description\":\"Holiday apartments and chalet rentals in the beautiful mountain village & ski resort of Wengen, in the heart of Switzerland's Jungfrau Region.\",\"breadcrumb\":{\"@id\":\"https:\/\/wengenrentals.com\/terms-conditions\/#breadcrumb\"},\"inLanguage\":\"de\",\"potentialAction\":[{\"@type\":\"ReadAction\",\"target\":[\"https:\/\/wengenrentals.com\/terms-conditions\/\"]}]},{\"@type\":\"BreadcrumbList\",\"@id\":\"https:\/\/wengenrentals.com\/terms-conditions\/#breadcrumb\",\"itemListElement\":[{\"@type\":\"ListItem\",\"position\":1,\"name\":\"Home\",\"item\":\"https:\/\/wengenrentals.com\/\"},{\"@type\":\"ListItem\",\"position\":2,\"name\":\"Terms &#038; Conditions\"}]},{\"@type\":\"WebSite\",\"@id\":\"https:\/\/wengenrentals.com\/#website\",\"url\":\"https:\/\/wengenrentals.com\/\",\"name\":\"Wengen Rentals\",\"description\":\"Holiday apartment rentals in Wengen Switzerland\",\"publisher\":{\"@id\":\"https:\/\/wengenrentals.com\/#organization\"},\"potentialAction\":[{\"@type\":\"SearchAction\",\"target\":{\"@type\":\"EntryPoint\",\"urlTemplate\":\"https:\/\/wengenrentals.com\/?s={search_term_string}\"},\"query-input\":{\"@type\":\"PropertyValueSpecification\",\"valueRequired\":true,\"valueName\":\"search_term_string\"}}],\"inLanguage\":\"de\"},{\"@type\":\"Organization\",\"@id\":\"https:\/\/wengenrentals.com\/#organization\",\"name\":\"Wengen Rentals\",\"url\":\"https:\/\/wengenrentals.com\/\",\"logo\":{\"@type\":\"ImageObject\",\"inLanguage\":\"de\",\"@id\":\"https:\/\/wengenrentals.com\/#\/schema\/logo\/image\/\",\"url\":\"https:\/\/wengenrentals.com\/wp-content\/uploads\/2021\/07\/wengen-rentals-full-icon-black.png\",\"contentUrl\":\"https:\/\/wengenrentals.com\/wp-content\/uploads\/2021\/07\/wengen-rentals-full-icon-black.png\",\"width\":541,\"height\":541,\"caption\":\"Wengen Rentals\"},\"image\":{\"@id\":\"https:\/\/wengenrentals.com\/#\/schema\/logo\/image\/\"},\"sameAs\":[\"https:\/\/www.facebook.com\/wengenrentals\",\"https:\/\/www.instagram.com\/wengenrentals\/\",\"https:\/\/www.linkedin.com\/company\/wengen-rentals\/\"]}]}<\/script>\n<!-- \/ Yoast SEO plugin. -->","yoast_head_json":{"title":"Allgemeine Gesch\u00e4ftsbedingungen \u2022 Wengen Rentals","description":"Ferienwohnungen und Chaletvermietung im wundersch\u00f6nen Bergdorf und Skigebiet Wengen, im Herzen der Schweizer Jungfrau-Region.","robots":{"index":"index","follow":"follow","max-snippet":"max-snippet:-1","max-image-preview":"max-image-preview:large","max-video-preview":"max-video-preview:-1"},"canonical":"https:\/\/wengenrentals.com\/de\/terms-conditions\/","og_locale":"de_DE","og_type":"article","og_title":"Terms & Conditions &#8226; Wengen Rentals","og_description":"Holiday apartments and chalet rentals in the beautiful mountain village & ski resort of Wengen, in the heart of Switzerland's Jungfrau Region.","og_url":"https:\/\/wengenrentals.com\/de\/terms-conditions\/","og_site_name":"Wengen Rentals","article_publisher":"https:\/\/www.facebook.com\/wengenrentals","article_modified_time":"2026-03-08T13:48:15+00:00","og_image":[{"width":1200,"height":800,"url":"https:\/\/wengenrentals.com\/wp-content\/uploads\/2020\/05\/wengen-switzerland-apartment-rental-1.jpeg","type":"image\/jpeg"}],"twitter_card":"summary_large_image","twitter_misc":{"Gesch\u00e4tzte Lesezeit":"5\u00a0Minuten"},"schema":{"@context":"https:\/\/schema.org","@graph":[{"@type":"WebPage","@id":"https:\/\/wengenrentals.com\/terms-conditions\/","url":"https:\/\/wengenrentals.com\/terms-conditions\/","name":"Allgemeine Gesch\u00e4ftsbedingungen \u2022 Wengen Rentals","isPartOf":{"@id":"https:\/\/wengenrentals.com\/#website"},"datePublished":"2020-06-11T21:23:05+00:00","dateModified":"2026-03-08T13:48:15+00:00","description":"Ferienwohnungen und Chaletvermietung im wundersch\u00f6nen Bergdorf und Skigebiet Wengen, im Herzen der Schweizer Jungfrau-Region.","breadcrumb":{"@id":"https:\/\/wengenrentals.com\/terms-conditions\/#breadcrumb"},"inLanguage":"de","potentialAction":[{"@type":"ReadAction","target":["https:\/\/wengenrentals.com\/terms-conditions\/"]}]},{"@type":"BreadcrumbList","@id":"https:\/\/wengenrentals.com\/terms-conditions\/#breadcrumb","itemListElement":[{"@type":"ListItem","position":1,"name":"Home","item":"https:\/\/wengenrentals.com\/"},{"@type":"ListItem","position":2,"name":"Terms &#038; Conditions"}]},{"@type":"WebSite","@id":"https:\/\/wengenrentals.com\/#website","url":"https:\/\/wengenrentals.com\/","name":"Wengen Vermietungen","description":"Ferienwohnungen mieten in Wengen Schweiz","publisher":{"@id":"https:\/\/wengenrentals.com\/#organization"},"potentialAction":[{"@type":"SearchAction","target":{"@type":"EntryPoint","urlTemplate":"https:\/\/wengenrentals.com\/?s={search_term_string}"},"query-input":{"@type":"PropertyValueSpecification","valueRequired":true,"valueName":"search_term_string"}}],"inLanguage":"de"},{"@type":"Organization","@id":"https:\/\/wengenrentals.com\/#organization","name":"Wengen Vermietungen","url":"https:\/\/wengenrentals.com\/","logo":{"@type":"ImageObject","inLanguage":"de","@id":"https:\/\/wengenrentals.com\/#\/schema\/logo\/image\/","url":"https:\/\/wengenrentals.com\/wp-content\/uploads\/2021\/07\/wengen-rentals-full-icon-black.png","contentUrl":"https:\/\/wengenrentals.com\/wp-content\/uploads\/2021\/07\/wengen-rentals-full-icon-black.png","width":541,"height":541,"caption":"Wengen Rentals"},"image":{"@id":"https:\/\/wengenrentals.com\/#\/schema\/logo\/image\/"},"sameAs":["https:\/\/www.facebook.com\/wengenrentals","https:\/\/www.instagram.com\/wengenrentals\/","https:\/\/www.linkedin.com\/company\/wengen-rentals\/"]}]}},"_links":{"self":[{"href":"https:\/\/wengenrentals.com\/de\/wp-json\/wp\/v2\/pages\/1214","targetHints":{"allow":["GET"]}}],"collection":[{"href":"https:\/\/wengenrentals.com\/de\/wp-json\/wp\/v2\/pages"}],"about":[{"href":"https:\/\/wengenrentals.com\/de\/wp-json\/wp\/v2\/types\/page"}],"author":[{"embeddable":true,"href":"https:\/\/wengenrentals.com\/de\/wp-json\/wp\/v2\/users\/1"}],"replies":[{"embeddable":true,"href":"https:\/\/wengenrentals.com\/de\/wp-json\/wp\/v2\/comments?post=1214"}],"version-history":[{"count":5,"href":"https:\/\/wengenrentals.com\/de\/wp-json\/wp\/v2\/pages\/1214\/revisions"}],"predecessor-version":[{"id":23776,"href":"https:\/\/wengenrentals.com\/de\/wp-json\/wp\/v2\/pages\/1214\/revisions\/23776"}],"wp:attachment":[{"href":"https:\/\/wengenrentals.com\/de\/wp-json\/wp\/v2\/media?parent=1214"}],"curies":[{"name":"wp","href":"https:\/\/api.w.org\/{rel}","templated":true}]}}